{"id":121,"date":"2020-11-08T11:39:12","date_gmt":"2020-11-08T11:39:12","guid":{"rendered":"https:\/\/actu-peche.fr\/?page_id=121"},"modified":"2020-11-13T21:56:09","modified_gmt":"2020-11-13T21:56:09","slug":"catalogue-cormoran-2021","status":"publish","type":"page","link":"https:\/\/actu-peche.fr\/?page_id=121","title":{"rendered":"Catalogue Cormoran 2021 Fran\u00e7ais"},"content":{"rendered":"\n<div class=\"wp-block-pdf-viewer-block-standard\" style=\"text-align:center\"><div class=\"uploaded-pdf\"><a href=\"https:\/\/actu-peche.fr\/wp-content\/uploads\/2020\/11\/Catalogue_Cormoran_2021.pdf\" data-width=\"\" data-height=\"\"><\/a><\/div><\/div>\n\n\n\n<p>Daiwa Germany qui g\u00e8re la marque Cormoran en Europe a publi\u00e9 le catalogue Cormoran 2021, un catalogue de 170 pages de produits d\u00e9di\u00e9s \u00e0 la plupart des techniques de p\u00eache. Bien que le catalogue Cormoran 2021 ne soit pas \u00e9pais pour un catalogue pour toutes les techniques, on peut voir des nouveaut\u00e9s :<\/p>\n\n\n\n<p>les nouveaux moulinets VeyCor Feeder 5PiF &amp; VeyCor BR 4PiF<br>le nouveau moulinet Pro Carp SLO 5PiF<br>les nouveaux moulinets SeaCor<br>les nouvelles cannes Pro Carp XR<br>les nouvelles cannes GF Feeder Pro<br>les nouvelles cannes Distance Match<\/p>\n","protected":false},"excerpt":{"rendered":"<p>Daiwa Germany qui g\u00e8re la marque Cormoran en Europe a publi\u00e9 le catalogue Cormoran 2021, un catalogue de 170 pages de produits d\u00e9di\u00e9s \u00e0 la plupart des techniques de p\u00eache. Bien que le catalogue Cormoran 2021 ne soit pas \u00e9pais pour un catalogue pour toutes les techniques, on peut voir des nouveaut\u00e9s : les nouveaux &hellip; <\/p>\n","protected":false},"author":1,"featured_media":0,"parent":0,"menu_order":0,"comment_status":"open","ping_status":"closed","template":"","meta":[],"_links":{"self":[{"href":"https:\/\/actu-peche.fr\/index.php?rest_route=\/wp\/v2\/pages\/121"}],"collection":[{"href":"https:\/\/actu-peche.fr\/index.php?rest_route=\/wp\/v2\/pages"}],"about":[{"href":"https:\/\/actu-peche.fr\/index.php?rest_route=\/wp\/v2\/types\/page"}],"author":[{"embeddable":true,"href":"https:\/\/actu-peche.fr\/index.php?rest_route=\/wp\/v2\/users\/1"}],"replies":[{"embeddable":true,"href":"https:\/\/actu-peche.fr\/index.php?rest_route=%2Fwp%2Fv2%2Fcomments&post=121"}],"version-history":[{"count":2,"href":"https:\/\/actu-peche.fr\/index.php?rest_route=\/wp\/v2\/pages\/121\/revisions"}],"predecessor-version":[{"id":181,"href":"https:\/\/actu-peche.fr\/index.php?rest_route=\/wp\/v2\/pages\/121\/revisions\/181"}],"wp:attachment":[{"href":"https:\/\/actu-peche.fr\/index.php?rest_route=%2Fwp%2Fv2%2Fmedia&parent=121"}],"curies":[{"name":"wp","href":"https:\/\/api.w.org\/{rel}","templated":true}]}}