{"id":129,"date":"2020-11-08T12:34:55","date_gmt":"2020-11-08T12:34:55","guid":{"rendered":"https:\/\/actu-peche.fr\/?page_id=129"},"modified":"2020-11-13T21:56:41","modified_gmt":"2020-11-13T21:56:41","slug":"catalogue-daiwa-fell-2021","status":"publish","type":"page","link":"https:\/\/actu-peche.fr\/?page_id=129","title":{"rendered":"Catalogue Daiwa Fell 2021 Fran\u00e7ais"},"content":{"rendered":"\n<div class=\"wp-block-pdf-viewer-block-standard\" style=\"text-align:center\"><div class=\"uploaded-pdf\"><a href=\"https:\/\/actu-peche.fr\/wp-content\/uploads\/2020\/11\/Catalogue_Daiwa_Fell_2021.pdf\" data-width=\"\" data-height=\"\"><\/a><\/div><\/div>\n\n\n\n<p>La soci\u00e9t\u00e9 Daiwa France dispose de son propre Service Apr\u00e8s-Vente de qualit\u00e9 aupr\u00e8s de ses revendeurs. Une \u00e9quipe qualifi\u00e9e capable de r\u00e9parer tous les produits de la gamme dans un d\u00e9lai tr\u00e8s court, y compris des moulinets dot\u00e9s des derni\u00e8res technologies telles que le Mag Sealed (huile aimant\u00e9e prot\u00e9geant contre l\u2019intrusion d\u2019eau).<\/p>\n\n\n\n<p>Nos revendeurs sont le relai indispensable et vous devez vous adresser \u00e0 eux dans tous les cas, pour toutes vos demandes de r\u00e9parations de moulinets et de cannes. Ils sont en relation directe avec notre service apr\u00e8s-vente et vous tiennent inform\u00e9s dans les meilleurs d\u00e9lais.<\/p>\n","protected":false},"excerpt":{"rendered":"<p>La soci\u00e9t\u00e9 Daiwa France dispose de son propre Service Apr\u00e8s-Vente de qualit\u00e9 aupr\u00e8s de ses revendeurs. Une \u00e9quipe qualifi\u00e9e capable de r\u00e9parer tous les produits de la gamme dans un d\u00e9lai tr\u00e8s court, y compris des moulinets dot\u00e9s des derni\u00e8res technologies telles que le Mag Sealed (huile aimant\u00e9e prot\u00e9geant contre l\u2019intrusion d\u2019eau). Nos revendeurs sont &hellip; <\/p>\n","protected":false},"author":1,"featured_media":0,"parent":0,"menu_order":0,"comment_status":"open","ping_status":"closed","template":"","meta":[],"_links":{"self":[{"href":"https:\/\/actu-peche.fr\/index.php?rest_route=\/wp\/v2\/pages\/129"}],"collection":[{"href":"https:\/\/actu-peche.fr\/index.php?rest_route=\/wp\/v2\/pages"}],"about":[{"href":"https:\/\/actu-peche.fr\/index.php?rest_route=\/wp\/v2\/types\/page"}],"author":[{"embeddable":true,"href":"https:\/\/actu-peche.fr\/index.php?rest_route=\/wp\/v2\/users\/1"}],"replies":[{"embeddable":true,"href":"https:\/\/actu-peche.fr\/index.php?rest_route=%2Fwp%2Fv2%2Fcomments&post=129"}],"version-history":[{"count":2,"href":"https:\/\/actu-peche.fr\/index.php?rest_route=\/wp\/v2\/pages\/129\/revisions"}],"predecessor-version":[{"id":183,"href":"https:\/\/actu-peche.fr\/index.php?rest_route=\/wp\/v2\/pages\/129\/revisions\/183"}],"wp:attachment":[{"href":"https:\/\/actu-peche.fr\/index.php?rest_route=%2Fwp%2Fv2%2Fmedia&parent=129"}],"curies":[{"name":"wp","href":"https:\/\/api.w.org\/{rel}","templated":true}]}}