{"id":133,"date":"2020-11-08T12:50:13","date_gmt":"2020-11-08T12:50:13","guid":{"rendered":"https:\/\/actu-peche.fr\/?page_id=133"},"modified":"2020-11-13T21:56:52","modified_gmt":"2020-11-13T21:56:52","slug":"catalogue-florida-fishing-2021","status":"publish","type":"page","link":"https:\/\/actu-peche.fr\/?page_id=133","title":{"rendered":"Catalogue Florida Fishing 2021 Fran\u00e7ais"},"content":{"rendered":"\n<p><\/p>\n\n\n\n<p><\/p>\n\n\n\n<iframe id=\"inlineFrameExample\" title=\"Inline Frame Example\" width=\"1200\" height=\"800\" src=\"https:\/\/fr.calameo.com\/read\/006439667f0e7a5e533d8\">\n<\/iframe>\n\n\n\n<h2>Notre Vision<\/h2>\n\n\n\n<p>Cr\u00e9er une communaut\u00e9 de passionn\u00e9s en qu\u00eate d\u2019innovation et de singularit\u00e9.<\/p>\n\n\n\n<h2>Nos missions et valeurs<\/h2>\n\n\n\n<p>A vous, qui \u00eates en qu\u00eate de performances et de sensations, nous proposons du mat\u00e9riel de p\u00eache haut-de-gamme dont l\u2019efficacit\u00e9 est pl\u00e9biscit\u00e9e par de tr\u00e8s nombreux grands p\u00eacheurs et guides dans le monde.<\/p>\n\n\n\n<p>C\u2019est gr\u00e2ce \u00e0 une veille continue et \u00e0 une recherche permanente de nouvelles tendances par notre \u00e9quipe de sp\u00e9cialistes, que nous pouvons d\u00e9nicher ces produits singuliers de haute technicit\u00e9, pour la plupart en Am\u00e9rique du Nord, territoire sur lequel la p\u00eache se vit comme une v\u00e9ritable religion.<\/p>\n\n\n\n<p>Notre \u00e9quipe a b\u00e2ti sa r\u00e9putation en s\u2019appuyant sur des valeurs communes de disponibilit\u00e9, de respect, d\u2019\u00e9coute et d\u2019excellence. Ainsi, chaque demande est trait\u00e9e par un de nos sp\u00e9cialistes, tr\u00e8s comp\u00e9tent dans la technique que vous pratiquez. Cette flexibilit\u00e9 optimale associ\u00e9e \u00e0 la franchise technique des membres de notre staff vous garantit un conseil personnalis\u00e9 de tr\u00e8s grande qualit\u00e9. Comme vous, nous sommes avant tout des p\u00eacheurs passionn\u00e9s.<\/p>\n\n\n\n<p>Chez Florida Fishing, tout est mis en \u0153uvre pour r\u00e9pondre aux attentes que votre passion exige.<\/p>\n","protected":false},"excerpt":{"rendered":"<p>Notre Vision Cr\u00e9er une communaut\u00e9 de passionn\u00e9s en qu\u00eate d\u2019innovation et de singularit\u00e9. Nos missions et valeurs A vous, qui \u00eates en qu\u00eate de performances et de sensations, nous proposons du mat\u00e9riel de p\u00eache haut-de-gamme dont l\u2019efficacit\u00e9 est pl\u00e9biscit\u00e9e par de tr\u00e8s nombreux grands p\u00eacheurs et guides dans le monde. C\u2019est gr\u00e2ce \u00e0 une veille &hellip; <\/p>\n","protected":false},"author":1,"featured_media":0,"parent":0,"menu_order":0,"comment_status":"open","ping_status":"closed","template":"","meta":[],"_links":{"self":[{"href":"https:\/\/actu-peche.fr\/index.php?rest_route=\/wp\/v2\/pages\/133"}],"collection":[{"href":"https:\/\/actu-peche.fr\/index.php?rest_route=\/wp\/v2\/pages"}],"about":[{"href":"https:\/\/actu-peche.fr\/index.php?rest_route=\/wp\/v2\/types\/page"}],"author":[{"embeddable":true,"href":"https:\/\/actu-peche.fr\/index.php?rest_route=\/wp\/v2\/users\/1"}],"replies":[{"embeddable":true,"href":"https:\/\/actu-peche.fr\/index.php?rest_route=%2Fwp%2Fv2%2Fcomments&post=133"}],"version-history":[{"count":13,"href":"https:\/\/actu-peche.fr\/index.php?rest_route=\/wp\/v2\/pages\/133\/revisions"}],"predecessor-version":[{"id":293,"href":"https:\/\/actu-peche.fr\/index.php?rest_route=\/wp\/v2\/pages\/133\/revisions\/293"}],"wp:attachment":[{"href":"https:\/\/actu-peche.fr\/index.php?rest_route=%2Fwp%2Fv2%2Fmedia&parent=133"}],"curies":[{"name":"wp","href":"https:\/\/api.w.org\/{rel}","templated":true}]}}