{"id":150,"date":"2020-11-08T13:53:09","date_gmt":"2020-11-08T13:53:09","guid":{"rendered":"https:\/\/actu-peche.fr\/?page_id=150"},"modified":"2020-11-13T21:57:06","modified_gmt":"2020-11-13T21:57:06","slug":"catalogue-france-baits-2021","status":"publish","type":"page","link":"https:\/\/actu-peche.fr\/?page_id=150","title":{"rendered":"Catalogue France Baits 2021 Fran\u00e7ais"},"content":{"rendered":"\n<p><\/p>\n\n\n\n<style>.embed-container { position: relative; padding-bottom:56.25%; height:0; overflow: hidden; max-width: 100%; } .embed-container iframe, .embed-container object, .embed-container embed { position: absolute; top: 0; left: 0; width: 100%; height: 100%;}<\/style><div class=\"embed-container\" data-page-width=\"453\" data-page-height=\"640\" id=\"ypembedcontainer\"><iframe src=\"https:\/\/www.yumpu.com\/fr\/embed\/view\/yl2SzDmpWUGTnaPM\" frameborder=\"0\" allowfullscreen=\"true\" allowtransparency=\"true\"><\/iframe><\/div><script src=\"https:\/\/players.yumpu.com\/modules\/embed\/yp_r_iframe.js\"><\/script>\n\n\n\n<p>Les nouveaut\u00e9s&nbsp;<strong>2021<\/strong>&nbsp;raviront un grand nombre de nos ami(e)s p\u00eacheurs.&nbsp;France Baits&nbsp;sera un atout majeur dans la p\u00eache . Sa connaissance et son professionalisme lui permettent d&rsquo;avoir de l&rsquo;avance sur ses concurrents sur le plan de la conception et des fabrications de produits d&rsquo;amor\u00e7ages. Avec un peu plus &nbsp;de 300 r\u00e9f\u00e9rences &nbsp;France Baits&nbsp;propose la plus grande gamme d&rsquo;amorces sur le march\u00e9 Europ\u00e9en .&nbsp;<\/p>\n","protected":false},"excerpt":{"rendered":"<p>Les nouveaut\u00e9s&nbsp;2021&nbsp;raviront un grand nombre de nos ami(e)s p\u00eacheurs.&nbsp;France Baits&nbsp;sera un atout majeur dans la p\u00eache . Sa connaissance et son professionalisme lui permettent d&rsquo;avoir de l&rsquo;avance sur ses concurrents sur le plan de la conception et des fabrications de produits d&rsquo;amor\u00e7ages. Avec un peu plus &nbsp;de 300 r\u00e9f\u00e9rences &nbsp;France Baits&nbsp;propose la plus grande gamme &hellip; <\/p>\n","protected":false},"author":1,"featured_media":0,"parent":0,"menu_order":0,"comment_status":"open","ping_status":"closed","template":"","meta":[],"_links":{"self":[{"href":"https:\/\/actu-peche.fr\/index.php?rest_route=\/wp\/v2\/pages\/150"}],"collection":[{"href":"https:\/\/actu-peche.fr\/index.php?rest_route=\/wp\/v2\/pages"}],"about":[{"href":"https:\/\/actu-peche.fr\/index.php?rest_route=\/wp\/v2\/types\/page"}],"author":[{"embeddable":true,"href":"https:\/\/actu-peche.fr\/index.php?rest_route=\/wp\/v2\/users\/1"}],"replies":[{"embeddable":true,"href":"https:\/\/actu-peche.fr\/index.php?rest_route=%2Fwp%2Fv2%2Fcomments&post=150"}],"version-history":[{"count":7,"href":"https:\/\/actu-peche.fr\/index.php?rest_route=\/wp\/v2\/pages\/150\/revisions"}],"predecessor-version":[{"id":294,"href":"https:\/\/actu-peche.fr\/index.php?rest_route=\/wp\/v2\/pages\/150\/revisions\/294"}],"wp:attachment":[{"href":"https:\/\/actu-peche.fr\/index.php?rest_route=%2Fwp%2Fv2%2Fmedia&parent=150"}],"curies":[{"name":"wp","href":"https:\/\/api.w.org\/{rel}","templated":true}]}}