{"id":170,"date":"2020-11-09T20:36:53","date_gmt":"2020-11-09T20:36:53","guid":{"rendered":"https:\/\/actu-peche.fr\/?page_id=170"},"modified":"2020-11-13T21:58:01","modified_gmt":"2020-11-13T21:58:01","slug":"catalogue-jmc-2021","status":"publish","type":"page","link":"https:\/\/actu-peche.fr\/?page_id=170","title":{"rendered":"Catalogue JMC 2021 Fran\u00e7ais"},"content":{"rendered":"\n<div class=\"wp-block-pdf-viewer-block-standard\" style=\"text-align:center\"><div class=\"uploaded-pdf\"><a href=\"https:\/\/actu-peche.fr\/wp-content\/uploads\/2020\/11\/Catalogue_JMC_2021.pdf\" data-width=\"\" data-height=\"\"><\/a><\/div><\/div>\n\n\n\n<p>En 1990, Jean-Marc Chignard rach\u00e8te l&rsquo;entreprise et la d\u00e9veloppe,&nbsp;<strong>JMC<\/strong>&nbsp;est n\u00e9. Sp\u00e9cialis\u00e9e dans la m\u00eame technique depuis ses d\u00e9buts, la marque&nbsp;<strong>JMC&nbsp;<\/strong>est devenue une r\u00e9f\u00e9rence et son catalogue est consid\u00e9r\u00e9 comme la \u00ab\u00a0Bible des p\u00eacheurs \u00e0 la mouche\u00a0\u00bb.&nbsp;<strong>JMC<\/strong>&nbsp;propose bien entendu un choix vari\u00e9 de plumes pour le montage des mouches mais aussi de quoi s&rsquo;\u00e9quiper : cannes \u00e0 mouches, waders,&nbsp;<strong>float tube,<\/strong>&nbsp;moulinets, hame\u00e7ons ou encore lunettes polarisantes.<\/p>\n","protected":false},"excerpt":{"rendered":"<p>En 1990, Jean-Marc Chignard rach\u00e8te l&rsquo;entreprise et la d\u00e9veloppe,&nbsp;JMC&nbsp;est n\u00e9. Sp\u00e9cialis\u00e9e dans la m\u00eame technique depuis ses d\u00e9buts, la marque&nbsp;JMC&nbsp;est devenue une r\u00e9f\u00e9rence et son catalogue est consid\u00e9r\u00e9 comme la \u00ab\u00a0Bible des p\u00eacheurs \u00e0 la mouche\u00a0\u00bb.&nbsp;JMC&nbsp;propose bien entendu un choix vari\u00e9 de plumes pour le montage des mouches mais aussi de quoi s&rsquo;\u00e9quiper : cannes &hellip; <\/p>\n","protected":false},"author":1,"featured_media":0,"parent":0,"menu_order":0,"comment_status":"open","ping_status":"closed","template":"","meta":[],"_links":{"self":[{"href":"https:\/\/actu-peche.fr\/index.php?rest_route=\/wp\/v2\/pages\/170"}],"collection":[{"href":"https:\/\/actu-peche.fr\/index.php?rest_route=\/wp\/v2\/pages"}],"about":[{"href":"https:\/\/actu-peche.fr\/index.php?rest_route=\/wp\/v2\/types\/page"}],"author":[{"embeddable":true,"href":"https:\/\/actu-peche.fr\/index.php?rest_route=\/wp\/v2\/users\/1"}],"replies":[{"embeddable":true,"href":"https:\/\/actu-peche.fr\/index.php?rest_route=%2Fwp%2Fv2%2Fcomments&post=170"}],"version-history":[{"count":3,"href":"https:\/\/actu-peche.fr\/index.php?rest_route=\/wp\/v2\/pages\/170\/revisions"}],"predecessor-version":[{"id":295,"href":"https:\/\/actu-peche.fr\/index.php?rest_route=\/wp\/v2\/pages\/170\/revisions\/295"}],"wp:attachment":[{"href":"https:\/\/actu-peche.fr\/index.php?rest_route=%2Fwp%2Fv2%2Fmedia&parent=170"}],"curies":[{"name":"wp","href":"https:\/\/api.w.org\/{rel}","templated":true}]}}