{"id":191,"date":"2020-11-11T07:49:42","date_gmt":"2020-11-11T07:49:42","guid":{"rendered":"https:\/\/actu-peche.fr\/?page_id=191"},"modified":"2020-11-13T21:59:04","modified_gmt":"2020-11-13T21:59:04","slug":"catalogue-pafex-2021-francais","status":"publish","type":"page","link":"https:\/\/actu-peche.fr\/?page_id=191","title":{"rendered":"Catalogue Pafex 2021 Fran\u00e7ais"},"content":{"rendered":"\n<div class=\"wp-block-pdf-viewer-block-standard\" style=\"text-align:center\"><div class=\"uploaded-pdf\"><a href=\"https:\/\/actu-peche.fr\/wp-content\/uploads\/2020\/11\/Catalogue_Pafex_2021.pdf\" data-width=\"\" data-height=\"\"><\/a><\/div><\/div>\n\n\n\n<p>Alors que tout le monde cherche des produits Made in China au<br>meilleur prix, chez PAFEX France, nous sommes fiers d\u2019inscrire notre<br>expertise dans la dur\u00e9e ici, en France.<br>Notre savoir-faire dans la fabrication des \u00e9puisettes remonte \u00e0 pr\u00e8s de<br>100 ans\u2026 Notre entreprise a plus de 40 ans et nous fabriquons nos<br>propres \u00e9puisettes depuis 20 ans. Chacune n\u00e9cessite 120 op\u00e9rations.<br>Si nous les garantissons 5 ans, c\u2019est que ce sont des produits<br>d\u2019exception.<br>Notre source d\u2019inspiration ? Les p\u00eacheurs eux-m\u00eames. Nous sommes<br>particuli\u00e8rement \u00e0 l\u2019\u00e9coute de nos clients et travaillons main dans la<br>main avec des guides de p\u00eache.<br>Nous sommes n\u00e9s avec le respect de l\u2019environnement : en 2004 les<br>\u00e9puisettes sont con\u00e7ues pour ramener et rel\u00e2cher le poisson, en 2005<br>nous avons inscrit \u00ab P\u00eachez de Belle Mani\u00e8re \u00bb, aujourd\u2019hui tous nos<br>d\u00e9chets sont r\u00e9cup\u00e9r\u00e9s (regardez vos cartons)\u2026 rien ne se perd, tout<br>se transforme\u2026 alors, pensez au bilan carbone dans vos<br>importations !<br>Plus qu\u2019une entreprise, PAFEX France, c\u2019est une \u00e9quipe :<br>des sp\u00e9cialistes qui fabriquent et assemblent nos produits, un bureau<br>d\u2019\u00e9tudes, un designer, des Pro Team, des commerciaux, un service<br>achat, un service traitement des commandes, des personnes qui vous<br>\u00e9coutent.<br>Ce sont des femmes et des hommes, experts de leur m\u00e9tier, qui,<br>chaque jour, s\u2019impliquent pour que vous puissiez efficacement<br>satisfaire vos clients.<br>T\u00e9l\u00e9phonez-nous vous ne ferez pas le tour du monde, et vous aurez la<br>r\u00e9ponse imm\u00e9diate et pr\u00e9cise \u00e0 votre question.<\/p>\n","protected":false},"excerpt":{"rendered":"<p>Alors que tout le monde cherche des produits Made in China aumeilleur prix, chez PAFEX France, nous sommes fiers d\u2019inscrire notreexpertise dans la dur\u00e9e ici, en France.Notre savoir-faire dans la fabrication des \u00e9puisettes remonte \u00e0 pr\u00e8s de100 ans\u2026 Notre entreprise a plus de 40 ans et nous fabriquons nospropres \u00e9puisettes depuis 20 ans. Chacune n\u00e9cessite &hellip; <\/p>\n","protected":false},"author":1,"featured_media":0,"parent":0,"menu_order":0,"comment_status":"open","ping_status":"closed","template":"","meta":[],"_links":{"self":[{"href":"https:\/\/actu-peche.fr\/index.php?rest_route=\/wp\/v2\/pages\/191"}],"collection":[{"href":"https:\/\/actu-peche.fr\/index.php?rest_route=\/wp\/v2\/pages"}],"about":[{"href":"https:\/\/actu-peche.fr\/index.php?rest_route=\/wp\/v2\/types\/page"}],"author":[{"embeddable":true,"href":"https:\/\/actu-peche.fr\/index.php?rest_route=\/wp\/v2\/users\/1"}],"replies":[{"embeddable":true,"href":"https:\/\/actu-peche.fr\/index.php?rest_route=%2Fwp%2Fv2%2Fcomments&post=191"}],"version-history":[{"count":1,"href":"https:\/\/actu-peche.fr\/index.php?rest_route=\/wp\/v2\/pages\/191\/revisions"}],"predecessor-version":[{"id":193,"href":"https:\/\/actu-peche.fr\/index.php?rest_route=\/wp\/v2\/pages\/191\/revisions\/193"}],"wp:attachment":[{"href":"https:\/\/actu-peche.fr\/index.php?rest_route=%2Fwp%2Fv2%2Fmedia&parent=191"}],"curies":[{"name":"wp","href":"https:\/\/api.w.org\/{rel}","templated":true}]}}