{"id":2,"date":"2020-10-31T12:36:28","date_gmt":"2020-10-31T12:36:28","guid":{"rendered":"https:\/\/actu-peche.fr\/?page_id=2"},"modified":"2021-11-01T14:43:41","modified_gmt":"2021-11-01T14:43:41","slug":"sample-page","status":"publish","type":"page","link":"https:\/\/actu-peche.fr\/","title":{"rendered":"Les nouveaut\u00e9es&#8230;."},"content":{"rendered":"\n<h2>Les nouveaut\u00e9es\u2026.<\/h2>\n\n\n\n<div class=\"wp-block-columns are-vertically-aligned-center\">\n<div class=\"wp-block-column is-vertically-aligned-center\">\n<p class=\"has-text-align-center\"><a href=\"https:\/\/actu-peche.fr\/?page_id=374\">Nouveaut\u00e9s Milo 2022 G\u00e9rard Trinquier International Milo Day 2021<\/a><\/p>\n<\/div>\n\n\n\n<div class=\"wp-block-column is-vertically-aligned-center\">\n<figure class=\"wp-block-gallery aligncenter columns-1 is-cropped\"><ul class=\"blocks-gallery-grid\"><li class=\"blocks-gallery-item\"><figure><img loading=\"lazy\" width=\"1024\" height=\"531\" src=\"https:\/\/actu-peche.fr\/wp-content\/uploads\/2021\/11\/Nouveautes-Milo-2022-Gerard-Trinquier-International-Milo-Day-2021-1024x531.png\" alt=\"\" data-id=\"373\" data-full-url=\"https:\/\/actu-peche.fr\/wp-content\/uploads\/2021\/11\/Nouveautes-Milo-2022-Gerard-Trinquier-International-Milo-Day-2021.png\" data-link=\"https:\/\/actu-peche.fr\/?attachment_id=373\" class=\"wp-image-373\" srcset=\"https:\/\/actu-peche.fr\/wp-content\/uploads\/2021\/11\/Nouveautes-Milo-2022-Gerard-Trinquier-International-Milo-Day-2021-1024x531.png 1024w, https:\/\/actu-peche.fr\/wp-content\/uploads\/2021\/11\/Nouveautes-Milo-2022-Gerard-Trinquier-International-Milo-Day-2021-300x156.png 300w, https:\/\/actu-peche.fr\/wp-content\/uploads\/2021\/11\/Nouveautes-Milo-2022-Gerard-Trinquier-International-Milo-Day-2021-768x398.png 768w, https:\/\/actu-peche.fr\/wp-content\/uploads\/2021\/11\/Nouveautes-Milo-2022-Gerard-Trinquier-International-Milo-Day-2021-116x60.png 116w, https:\/\/actu-peche.fr\/wp-content\/uploads\/2021\/11\/Nouveautes-Milo-2022-Gerard-Trinquier-International-Milo-Day-2021.png 1190w\" sizes=\"(max-width: 1024px) 100vw, 1024px\" \/><\/figure><\/li><\/ul><\/figure>\n<\/div>\n<\/div>\n\n\n\n<div class=\"wp-block-columns\">\n<div class=\"wp-block-column is-vertically-aligned-center\">\n<p class=\"has-text-align-center\">ATELIER LIVE &#8211; FLOTTEURS RIVE 2021<\/p>\n<\/div>\n\n\n\n<div class=\"wp-block-column\">\n<figure class=\"wp-block-image size-large\"><img loading=\"lazy\" width=\"1024\" height=\"576\" src=\"https:\/\/actu-peche.fr\/wp-content\/uploads\/2020\/11\/ATELIER-LIVE-FLOTTEURS-RIVE-2021-1024x576.jpg\" alt=\"\" class=\"wp-image-347\" srcset=\"https:\/\/actu-peche.fr\/wp-content\/uploads\/2020\/11\/ATELIER-LIVE-FLOTTEURS-RIVE-2021-1024x576.jpg 1024w, https:\/\/actu-peche.fr\/wp-content\/uploads\/2020\/11\/ATELIER-LIVE-FLOTTEURS-RIVE-2021-300x169.jpg 300w, https:\/\/actu-peche.fr\/wp-content\/uploads\/2020\/11\/ATELIER-LIVE-FLOTTEURS-RIVE-2021-768x432.jpg 768w, https:\/\/actu-peche.fr\/wp-content\/uploads\/2020\/11\/ATELIER-LIVE-FLOTTEURS-RIVE-2021-107x60.jpg 107w, https:\/\/actu-peche.fr\/wp-content\/uploads\/2020\/11\/ATELIER-LIVE-FLOTTEURS-RIVE-2021.jpg 1280w\" sizes=\"(max-width: 1024px) 100vw, 1024px\" \/><\/figure>\n<\/div>\n<\/div>\n\n\n\n<div class=\"wp-block-columns are-vertically-aligned-center\">\n<div class=\"wp-block-column is-vertically-aligned-center\">\n<p class=\"has-text-align-center\"><a href=\"https:\/\/actu-peche.fr\/?page_id=355\">Rive France Showroom LIVE special grandes cannes 2021<\/a><\/p>\n<\/div>\n\n\n\n<div class=\"wp-block-column is-vertically-aligned-center\">\n<figure class=\"wp-block-image size-large\"><a href=\"https:\/\/actu-peche.fr\/?page_id=355\"><img loading=\"lazy\" width=\"480\" height=\"360\" src=\"https:\/\/actu-peche.fr\/wp-content\/uploads\/2020\/11\/Rive-France-Showroom-LIVE-special-grandes-cannes-2021.jpg\" alt=\"\" class=\"wp-image-359\" srcset=\"https:\/\/actu-peche.fr\/wp-content\/uploads\/2020\/11\/Rive-France-Showroom-LIVE-special-grandes-cannes-2021.jpg 480w, https:\/\/actu-peche.fr\/wp-content\/uploads\/2020\/11\/Rive-France-Showroom-LIVE-special-grandes-cannes-2021-300x225.jpg 300w, https:\/\/actu-peche.fr\/wp-content\/uploads\/2020\/11\/Rive-France-Showroom-LIVE-special-grandes-cannes-2021-80x60.jpg 80w\" sizes=\"(max-width: 480px) 100vw, 480px\" \/><\/a><\/figure>\n<\/div>\n<\/div>\n\n\n\n<div class=\"wp-block-columns are-vertically-aligned-center\">\n<div class=\"wp-block-column is-vertically-aligned-center\">\n<p class=\"has-text-align-center\"><a href=\"https:\/\/actu-peche.fr\/?page_id=298\">D\u00e9buter la PECHE de la CARPE \u00e0 la PATE<\/a><\/p>\n<\/div>\n\n\n\n<div class=\"wp-block-column is-vertically-aligned-center\">\n<div class=\"wp-block-image\"><figure class=\"aligncenter size-large\"><a href=\"https:\/\/actu-peche.fr\/?page_id=298\"><img loading=\"lazy\" width=\"1024\" height=\"576\" src=\"https:\/\/actu-peche.fr\/wp-content\/uploads\/2020\/11\/Debuter-la-PECHE-de-la-CARPE-a-la-PATE-1024x576.jpg\" alt=\"\" class=\"wp-image-303\" srcset=\"https:\/\/actu-peche.fr\/wp-content\/uploads\/2020\/11\/Debuter-la-PECHE-de-la-CARPE-a-la-PATE-1024x576.jpg 1024w, https:\/\/actu-peche.fr\/wp-content\/uploads\/2020\/11\/Debuter-la-PECHE-de-la-CARPE-a-la-PATE-300x169.jpg 300w, https:\/\/actu-peche.fr\/wp-content\/uploads\/2020\/11\/Debuter-la-PECHE-de-la-CARPE-a-la-PATE-768x432.jpg 768w, https:\/\/actu-peche.fr\/wp-content\/uploads\/2020\/11\/Debuter-la-PECHE-de-la-CARPE-a-la-PATE-107x60.jpg 107w, https:\/\/actu-peche.fr\/wp-content\/uploads\/2020\/11\/Debuter-la-PECHE-de-la-CARPE-a-la-PATE.jpg 1280w\" sizes=\"(max-width: 1024px) 100vw, 1024px\" \/><\/a><\/figure><\/div>\n<\/div>\n<\/div>\n\n\n\n<div class=\"wp-block-columns\">\n<div class=\"wp-block-column is-vertically-aligned-center\">\n<p class=\"has-text-align-center\"><a href=\"https:\/\/actu-peche.fr\/?page_id=257\" data-type=\"URL\" data-id=\"https:\/\/actu-peche.fr\/?page_id=257\">P\u00eache au Coup en \u00e9tang &#8211; Gros Gardons &#8211; Trucs, Astuces, Amorce et Montage de ligne &#8211; Julien Turpin<\/a><\/p>\n<\/div>\n\n\n\n<div class=\"wp-block-column\">\n<div class=\"wp-block-image\"><figure class=\"aligncenter size-large\"><a href=\"https:\/\/actu-peche.fr\/?page_id=257\"><img loading=\"lazy\" width=\"1024\" height=\"576\" src=\"https:\/\/actu-peche.fr\/wp-content\/uploads\/2020\/11\/Peche-au-Coup-en-etang-Gros-Gardons-Trucs-Astuces-Amorce-et-Montage-de-ligne-Julien-Turpin-1024x576.jpg\" alt=\"\" class=\"wp-image-255\" srcset=\"https:\/\/actu-peche.fr\/wp-content\/uploads\/2020\/11\/Peche-au-Coup-en-etang-Gros-Gardons-Trucs-Astuces-Amorce-et-Montage-de-ligne-Julien-Turpin-1024x576.jpg 1024w, https:\/\/actu-peche.fr\/wp-content\/uploads\/2020\/11\/Peche-au-Coup-en-etang-Gros-Gardons-Trucs-Astuces-Amorce-et-Montage-de-ligne-Julien-Turpin-300x169.jpg 300w, https:\/\/actu-peche.fr\/wp-content\/uploads\/2020\/11\/Peche-au-Coup-en-etang-Gros-Gardons-Trucs-Astuces-Amorce-et-Montage-de-ligne-Julien-Turpin-768x432.jpg 768w, https:\/\/actu-peche.fr\/wp-content\/uploads\/2020\/11\/Peche-au-Coup-en-etang-Gros-Gardons-Trucs-Astuces-Amorce-et-Montage-de-ligne-Julien-Turpin-107x60.jpg 107w, https:\/\/actu-peche.fr\/wp-content\/uploads\/2020\/11\/Peche-au-Coup-en-etang-Gros-Gardons-Trucs-Astuces-Amorce-et-Montage-de-ligne-Julien-Turpin.jpg 1280w\" sizes=\"(max-width: 1024px) 100vw, 1024px\" \/><\/a><\/figure><\/div>\n\n\n\n<p><\/p>\n<\/div>\n<\/div>\n\n\n\n<div class=\"wp-block-columns\">\n<div class=\"wp-block-column is-vertically-aligned-center\">\n<p class=\"has-text-align-center\"><a href=\"https:\/\/actu-peche.fr\/?page_id=310\">P\u00eache des CARPES \u00e0 la PATE en carpodrome.<\/a><\/p>\n<\/div>\n\n\n\n<div class=\"wp-block-column\">\n<div class=\"wp-block-image\"><figure class=\"aligncenter size-large\"><a href=\"https:\/\/actu-peche.fr\/?page_id=310\"><img loading=\"lazy\" width=\"1024\" height=\"576\" src=\"https:\/\/actu-peche.fr\/wp-content\/uploads\/2020\/11\/Peche-des-CARPES-a-la-PATE-en-carpodrome.-1024x576.jpg\" alt=\"\" class=\"wp-image-312\" srcset=\"https:\/\/actu-peche.fr\/wp-content\/uploads\/2020\/11\/Peche-des-CARPES-a-la-PATE-en-carpodrome.-1024x576.jpg 1024w, https:\/\/actu-peche.fr\/wp-content\/uploads\/2020\/11\/Peche-des-CARPES-a-la-PATE-en-carpodrome.-300x169.jpg 300w, https:\/\/actu-peche.fr\/wp-content\/uploads\/2020\/11\/Peche-des-CARPES-a-la-PATE-en-carpodrome.-768x432.jpg 768w, https:\/\/actu-peche.fr\/wp-content\/uploads\/2020\/11\/Peche-des-CARPES-a-la-PATE-en-carpodrome.-107x60.jpg 107w, https:\/\/actu-peche.fr\/wp-content\/uploads\/2020\/11\/Peche-des-CARPES-a-la-PATE-en-carpodrome..jpg 1280w\" sizes=\"(max-width: 1024px) 100vw, 1024px\" \/><\/a><\/figure><\/div>\n<\/div>\n<\/div>\n\n\n\n<div class=\"wp-block-columns\">\n<div class=\"wp-block-column is-vertically-aligned-center\">\n<p class=\"has-text-align-center\"><a href=\"https:\/\/actu-peche.fr\/?page_id=279\">Carpe au Coup &#8211; P\u00eache en Carpodrome avec G\u00e9rard Trinquier\u00a0<\/a><\/p>\n<\/div>\n\n\n\n<div class=\"wp-block-column\">\n<figure class=\"wp-block-image size-large\"><a href=\"https:\/\/actu-peche.fr\/?page_id=279\"><img loading=\"lazy\" width=\"1024\" height=\"576\" src=\"https:\/\/actu-peche.fr\/wp-content\/uploads\/2020\/11\/Carpe-au-Coup-Peche-en-Carpodrome-avec-Gerard-Trinquier-1024x576.jpg\" alt=\"\" class=\"wp-image-275\" srcset=\"https:\/\/actu-peche.fr\/wp-content\/uploads\/2020\/11\/Carpe-au-Coup-Peche-en-Carpodrome-avec-Gerard-Trinquier-1024x576.jpg 1024w, https:\/\/actu-peche.fr\/wp-content\/uploads\/2020\/11\/Carpe-au-Coup-Peche-en-Carpodrome-avec-Gerard-Trinquier-300x169.jpg 300w, https:\/\/actu-peche.fr\/wp-content\/uploads\/2020\/11\/Carpe-au-Coup-Peche-en-Carpodrome-avec-Gerard-Trinquier-768x432.jpg 768w, https:\/\/actu-peche.fr\/wp-content\/uploads\/2020\/11\/Carpe-au-Coup-Peche-en-Carpodrome-avec-Gerard-Trinquier-107x60.jpg 107w, https:\/\/actu-peche.fr\/wp-content\/uploads\/2020\/11\/Carpe-au-Coup-Peche-en-Carpodrome-avec-Gerard-Trinquier.jpg 1280w\" sizes=\"(max-width: 1024px) 100vw, 1024px\" \/><\/a><\/figure>\n\n\n\n<p><\/p>\n<\/div>\n<\/div>\n\n\n\n<div class=\"wp-block-columns\">\n<div class=\"wp-block-column is-vertically-aligned-center\">\n<p class=\"has-text-align-center\"><a href=\"https:\/\/actu-peche.fr\/?page_id=271\">Ma\u00eetrisez la P\u00eache \u00e0 l&rsquo;Anglaise au Flotteur Waggler Coulissant comme St\u00e9phane Pottelet<\/a><\/p>\n<\/div>\n\n\n\n<div class=\"wp-block-column is-vertically-aligned-center\">\n<figure class=\"wp-block-image size-large\"><a href=\"https:\/\/actu-peche.fr\/?page_id=271\"><img loading=\"lazy\" width=\"1024\" height=\"576\" src=\"https:\/\/actu-peche.fr\/wp-content\/uploads\/2020\/11\/Maitrisez-la-Peche-a-lAnglaise-au-Flotteur-Waggler-Coulissant-comme-Stephane-Pottelet-1024x576.jpg\" alt=\"\" class=\"wp-image-269\" srcset=\"https:\/\/actu-peche.fr\/wp-content\/uploads\/2020\/11\/Maitrisez-la-Peche-a-lAnglaise-au-Flotteur-Waggler-Coulissant-comme-Stephane-Pottelet-1024x576.jpg 1024w, https:\/\/actu-peche.fr\/wp-content\/uploads\/2020\/11\/Maitrisez-la-Peche-a-lAnglaise-au-Flotteur-Waggler-Coulissant-comme-Stephane-Pottelet-300x169.jpg 300w, https:\/\/actu-peche.fr\/wp-content\/uploads\/2020\/11\/Maitrisez-la-Peche-a-lAnglaise-au-Flotteur-Waggler-Coulissant-comme-Stephane-Pottelet-768x432.jpg 768w, https:\/\/actu-peche.fr\/wp-content\/uploads\/2020\/11\/Maitrisez-la-Peche-a-lAnglaise-au-Flotteur-Waggler-Coulissant-comme-Stephane-Pottelet-107x60.jpg 107w, https:\/\/actu-peche.fr\/wp-content\/uploads\/2020\/11\/Maitrisez-la-Peche-a-lAnglaise-au-Flotteur-Waggler-Coulissant-comme-Stephane-Pottelet.jpg 1280w\" sizes=\"(max-width: 1024px) 100vw, 1024px\" \/><\/a><\/figure>\n<\/div>\n<\/div>\n\n\n\n<div class=\"wp-block-group\"><div class=\"wp-block-group__inner-container\">\n<p><\/p>\n<\/div><\/div>\n\n\n\n<p><\/p>\n","protected":false},"excerpt":{"rendered":"<p>Les nouveaut\u00e9es\u2026.<\/p>\n","protected":false},"author":1,"featured_media":0,"parent":0,"menu_order":0,"comment_status":"closed","ping_status":"open","template":"","meta":[],"_links":{"self":[{"href":"https:\/\/actu-peche.fr\/index.php?rest_route=\/wp\/v2\/pages\/2"}],"collection":[{"href":"https:\/\/actu-peche.fr\/index.php?rest_route=\/wp\/v2\/pages"}],"about":[{"href":"https:\/\/actu-peche.fr\/index.php?rest_route=\/wp\/v2\/types\/page"}],"author":[{"embeddable":true,"href":"https:\/\/actu-peche.fr\/index.php?rest_route=\/wp\/v2\/users\/1"}],"replies":[{"embeddable":true,"href":"https:\/\/actu-peche.fr\/index.php?rest_route=%2Fwp%2Fv2%2Fcomments&post=2"}],"version-history":[{"count":32,"href":"https:\/\/actu-peche.fr\/index.php?rest_route=\/wp\/v2\/pages\/2\/revisions"}],"predecessor-version":[{"id":377,"href":"https:\/\/actu-peche.fr\/index.php?rest_route=\/wp\/v2\/pages\/2\/revisions\/377"}],"wp:attachment":[{"href":"https:\/\/actu-peche.fr\/index.php?rest_route=%2Fwp%2Fv2%2Fmedia&parent=2"}],"curies":[{"name":"wp","href":"https:\/\/api.w.org\/{rel}","templated":true}]}}