{"id":201,"date":"2020-11-11T08:59:22","date_gmt":"2020-11-11T08:59:22","guid":{"rendered":"https:\/\/actu-peche.fr\/?page_id=201"},"modified":"2020-11-13T22:00:01","modified_gmt":"2020-11-13T22:00:01","slug":"catalogue-radical-2021-francais","status":"publish","type":"page","link":"https:\/\/actu-peche.fr\/?page_id=201","title":{"rendered":"Catalogue Radical 2021 fran\u00e7ais"},"content":{"rendered":"\n<div class=\"wp-block-pdf-viewer-block-standard\" style=\"text-align:center\"><div class=\"uploaded-pdf\"><a href=\"https:\/\/actu-peche.fr\/wp-content\/uploads\/2020\/11\/Catalogue_Radical_2021.pdf\" data-width=\"\" data-height=\"\"><\/a><\/div><\/div>\n\n\n\n<p>Du mat\u00e9riel de qualit\u00e9 pour la p\u00eache aux carpes permettant de venir \u00e0 bout<br>des plus gros adversaires. Des cannes et des moulinets, des accessoires test\u00e9s<br>dans la pratique, des leurres irr\u00e9sistibles, le tout avec un look cool. Radical<br>est la d\u00e9finition m\u00eame de la p\u00eache aux carpes moderne.<\/p>\n","protected":false},"excerpt":{"rendered":"<p>Du mat\u00e9riel de qualit\u00e9 pour la p\u00eache aux carpes permettant de venir \u00e0 boutdes plus gros adversaires. Des cannes et des moulinets, des accessoires test\u00e9sdans la pratique, des leurres irr\u00e9sistibles, le tout avec un look cool. Radicalest la d\u00e9finition m\u00eame de la p\u00eache aux carpes moderne.<\/p>\n","protected":false},"author":1,"featured_media":0,"parent":0,"menu_order":0,"comment_status":"open","ping_status":"closed","template":"","meta":[],"_links":{"self":[{"href":"https:\/\/actu-peche.fr\/index.php?rest_route=\/wp\/v2\/pages\/201"}],"collection":[{"href":"https:\/\/actu-peche.fr\/index.php?rest_route=\/wp\/v2\/pages"}],"about":[{"href":"https:\/\/actu-peche.fr\/index.php?rest_route=\/wp\/v2\/types\/page"}],"author":[{"embeddable":true,"href":"https:\/\/actu-peche.fr\/index.php?rest_route=\/wp\/v2\/users\/1"}],"replies":[{"embeddable":true,"href":"https:\/\/actu-peche.fr\/index.php?rest_route=%2Fwp%2Fv2%2Fcomments&post=201"}],"version-history":[{"count":1,"href":"https:\/\/actu-peche.fr\/index.php?rest_route=\/wp\/v2\/pages\/201\/revisions"}],"predecessor-version":[{"id":203,"href":"https:\/\/actu-peche.fr\/index.php?rest_route=\/wp\/v2\/pages\/201\/revisions\/203"}],"wp:attachment":[{"href":"https:\/\/actu-peche.fr\/index.php?rest_route=%2Fwp%2Fv2%2Fmedia&parent=201"}],"curies":[{"name":"wp","href":"https:\/\/api.w.org\/{rel}","templated":true}]}}