{"id":204,"date":"2020-11-11T09:37:34","date_gmt":"2020-11-11T09:37:34","guid":{"rendered":"https:\/\/actu-peche.fr\/?page_id=204"},"modified":"2020-11-13T22:00:12","modified_gmt":"2020-11-13T22:00:12","slug":"catalogue-rapala-2021-francais","status":"publish","type":"page","link":"https:\/\/actu-peche.fr\/?page_id=204","title":{"rendered":"Catalogue Rapala 2021 fran\u00e7ais"},"content":{"rendered":"\n<div class=\"wp-block-pdf-viewer-block-standard\" style=\"text-align:center\"><div class=\"uploaded-pdf\"><a href=\"https:\/\/actu-peche.fr\/wp-content\/uploads\/2020\/11\/Catalogue_Rapala_2021.pdf\" data-width=\"\" data-height=\"\"><\/a><\/div><\/div>\n\n\n\n<p>Rapala est la marque de leurre la plus utilis\u00e9e depuis 1936. Nos leurres et accessoires sont distribu\u00e9s dans plus de 140 pays dans le monde. Chaque Rapala est test\u00e9 en bassin et r\u00e9gl\u00e9 \u00e0 la main avant d\u2019\u00eatre mis sur le march\u00e9 pour garantir une action de nage parfaite, \u00e0 laquelle les carnassiers ne peuvent r\u00e9sister.<\/p>\n","protected":false},"excerpt":{"rendered":"<p>Rapala est la marque de leurre la plus utilis\u00e9e depuis 1936. Nos leurres et accessoires sont distribu\u00e9s dans plus de 140 pays dans le monde. Chaque Rapala est test\u00e9 en bassin et r\u00e9gl\u00e9 \u00e0 la main avant d\u2019\u00eatre mis sur le march\u00e9 pour garantir une action de nage parfaite, \u00e0 laquelle les carnassiers ne peuvent &hellip; <\/p>\n","protected":false},"author":1,"featured_media":0,"parent":0,"menu_order":0,"comment_status":"open","ping_status":"closed","template":"","meta":[],"_links":{"self":[{"href":"https:\/\/actu-peche.fr\/index.php?rest_route=\/wp\/v2\/pages\/204"}],"collection":[{"href":"https:\/\/actu-peche.fr\/index.php?rest_route=\/wp\/v2\/pages"}],"about":[{"href":"https:\/\/actu-peche.fr\/index.php?rest_route=\/wp\/v2\/types\/page"}],"author":[{"embeddable":true,"href":"https:\/\/actu-peche.fr\/index.php?rest_route=\/wp\/v2\/users\/1"}],"replies":[{"embeddable":true,"href":"https:\/\/actu-peche.fr\/index.php?rest_route=%2Fwp%2Fv2%2Fcomments&post=204"}],"version-history":[{"count":1,"href":"https:\/\/actu-peche.fr\/index.php?rest_route=\/wp\/v2\/pages\/204\/revisions"}],"predecessor-version":[{"id":206,"href":"https:\/\/actu-peche.fr\/index.php?rest_route=\/wp\/v2\/pages\/204\/revisions\/206"}],"wp:attachment":[{"href":"https:\/\/actu-peche.fr\/index.php?rest_route=%2Fwp%2Fv2%2Fmedia&parent=204"}],"curies":[{"name":"wp","href":"https:\/\/api.w.org\/{rel}","templated":true}]}}