{"id":207,"date":"2020-11-11T10:50:29","date_gmt":"2020-11-11T10:50:29","guid":{"rendered":"https:\/\/actu-peche.fr\/?page_id=207"},"modified":"2020-11-13T22:00:31","modified_gmt":"2020-11-13T22:00:31","slug":"catalogue-rihno-2021-francais","status":"publish","type":"page","link":"https:\/\/actu-peche.fr\/?page_id=207","title":{"rendered":"Catalogue Rihno 2021 fran\u00e7ais"},"content":{"rendered":"\n<div class=\"wp-block-pdf-viewer-block-standard\" style=\"text-align:center\"><div class=\"uploaded-pdf\"><a href=\"https:\/\/actu-peche.fr\/wp-content\/uploads\/2020\/11\/Catalogue_Rihno_2021.pdf\" data-width=\"\" data-height=\"\"><\/a><\/div><\/div>\n\n\n\n<p>Rhino s\u2019est impos\u00e9 comme la marque de pr\u00e9dilection des p\u00eacheurs extr\u00eames !!<br>La marque de ceux qui n\u2019ont d\u2019autre choix que de faire confiance \u00e0 100% \u00e0 leur mat\u00e9riel,<br>les yeux ferm\u00e9s, tout en rejetant les prix excessifs de produits \u00ab surfaits \u00bb.<\/p>\n","protected":false},"excerpt":{"rendered":"<p>Rhino s\u2019est impos\u00e9 comme la marque de pr\u00e9dilection des p\u00eacheurs extr\u00eames !!La marque de ceux qui n\u2019ont d\u2019autre choix que de faire confiance \u00e0 100% \u00e0 leur mat\u00e9riel,les yeux ferm\u00e9s, tout en rejetant les prix excessifs de produits \u00ab surfaits \u00bb.<\/p>\n","protected":false},"author":1,"featured_media":0,"parent":0,"menu_order":0,"comment_status":"open","ping_status":"closed","template":"","meta":[],"_links":{"self":[{"href":"https:\/\/actu-peche.fr\/index.php?rest_route=\/wp\/v2\/pages\/207"}],"collection":[{"href":"https:\/\/actu-peche.fr\/index.php?rest_route=\/wp\/v2\/pages"}],"about":[{"href":"https:\/\/actu-peche.fr\/index.php?rest_route=\/wp\/v2\/types\/page"}],"author":[{"embeddable":true,"href":"https:\/\/actu-peche.fr\/index.php?rest_route=\/wp\/v2\/users\/1"}],"replies":[{"embeddable":true,"href":"https:\/\/actu-peche.fr\/index.php?rest_route=%2Fwp%2Fv2%2Fcomments&post=207"}],"version-history":[{"count":1,"href":"https:\/\/actu-peche.fr\/index.php?rest_route=\/wp\/v2\/pages\/207\/revisions"}],"predecessor-version":[{"id":209,"href":"https:\/\/actu-peche.fr\/index.php?rest_route=\/wp\/v2\/pages\/207\/revisions\/209"}],"wp:attachment":[{"href":"https:\/\/actu-peche.fr\/index.php?rest_route=%2Fwp%2Fv2%2Fmedia&parent=207"}],"curies":[{"name":"wp","href":"https:\/\/api.w.org\/{rel}","templated":true}]}}