{"id":210,"date":"2020-11-11T11:12:56","date_gmt":"2020-11-11T11:12:56","guid":{"rendered":"https:\/\/actu-peche.fr\/?page_id=210"},"modified":"2020-11-13T22:01:11","modified_gmt":"2020-11-13T22:01:11","slug":"catalogue-rive-2021-francais","status":"publish","type":"page","link":"https:\/\/actu-peche.fr\/?page_id=210","title":{"rendered":"Catalogue Rive 2021 fran\u00e7ais"},"content":{"rendered":"\n<div class=\"wp-block-pdf-viewer-block-standard\" style=\"text-align:center\"><div class=\"uploaded-pdf\"><a href=\"https:\/\/actu-peche.fr\/wp-content\/uploads\/2020\/11\/Catalogue_Rive_2021.pdf\" data-width=\"\" data-height=\"\"><\/a><\/div><\/div>\n\n\n\n<p>Mat\u00e9riel de p\u00eache haut de gamme, pour comp\u00e9titeur et passion\u00e9s. Stations de p\u00eache, cannes roubaisiennes et cannes feeder, d\u00e9couvrez ce qui se fait de mieux pour la p\u00eache au coup.<\/p>\n","protected":false},"excerpt":{"rendered":"<p>Mat\u00e9riel de p\u00eache haut de gamme, pour comp\u00e9titeur et passion\u00e9s. Stations de p\u00eache, cannes roubaisiennes et cannes feeder, d\u00e9couvrez ce qui se fait de mieux pour la p\u00eache au coup.<\/p>\n","protected":false},"author":1,"featured_media":0,"parent":0,"menu_order":0,"comment_status":"open","ping_status":"closed","template":"","meta":[],"_links":{"self":[{"href":"https:\/\/actu-peche.fr\/index.php?rest_route=\/wp\/v2\/pages\/210"}],"collection":[{"href":"https:\/\/actu-peche.fr\/index.php?rest_route=\/wp\/v2\/pages"}],"about":[{"href":"https:\/\/actu-peche.fr\/index.php?rest_route=\/wp\/v2\/types\/page"}],"author":[{"embeddable":true,"href":"https:\/\/actu-peche.fr\/index.php?rest_route=\/wp\/v2\/users\/1"}],"replies":[{"embeddable":true,"href":"https:\/\/actu-peche.fr\/index.php?rest_route=%2Fwp%2Fv2%2Fcomments&post=210"}],"version-history":[{"count":1,"href":"https:\/\/actu-peche.fr\/index.php?rest_route=\/wp\/v2\/pages\/210\/revisions"}],"predecessor-version":[{"id":213,"href":"https:\/\/actu-peche.fr\/index.php?rest_route=\/wp\/v2\/pages\/210\/revisions\/213"}],"wp:attachment":[{"href":"https:\/\/actu-peche.fr\/index.php?rest_route=%2Fwp%2Fv2%2Fmedia&parent=210"}],"curies":[{"name":"wp","href":"https:\/\/api.w.org\/{rel}","templated":true}]}}