{"id":214,"date":"2020-11-11T12:00:43","date_gmt":"2020-11-11T12:00:43","guid":{"rendered":"https:\/\/actu-peche.fr\/?page_id=214"},"modified":"2020-11-13T22:01:35","modified_gmt":"2020-11-13T22:01:35","slug":"catalogue-sakura-2021-francais","status":"publish","type":"page","link":"https:\/\/actu-peche.fr\/?page_id=214","title":{"rendered":"Catalogue Sakura 2021 fran\u00e7ais"},"content":{"rendered":"\n<iframe id=\"inlineFrameExample\" title=\"Inline Frame Example\" width=\"1200\" height=\"800\" src=\"https:\/\/issuu.com\/bbf1\/docs\/catalogue_sakura_2021\">\n<\/iframe>\n\n\n\n<p>Sakura est une marque fran\u00e7aise sp\u00e9cialis\u00e9e dans la p\u00eache aux leurres. Notre slogan \u00ab\u00a0la p\u00eache aux leurres pour passion\u00a0\u00bb en dit long.<\/p>\n","protected":false},"excerpt":{"rendered":"<p>Sakura est une marque fran\u00e7aise sp\u00e9cialis\u00e9e dans la p\u00eache aux leurres. Notre slogan \u00ab\u00a0la p\u00eache aux leurres pour passion\u00a0\u00bb en dit long.<\/p>\n","protected":false},"author":1,"featured_media":0,"parent":0,"menu_order":0,"comment_status":"open","ping_status":"closed","template":"","meta":[],"_links":{"self":[{"href":"https:\/\/actu-peche.fr\/index.php?rest_route=\/wp\/v2\/pages\/214"}],"collection":[{"href":"https:\/\/actu-peche.fr\/index.php?rest_route=\/wp\/v2\/pages"}],"about":[{"href":"https:\/\/actu-peche.fr\/index.php?rest_route=\/wp\/v2\/types\/page"}],"author":[{"embeddable":true,"href":"https:\/\/actu-peche.fr\/index.php?rest_route=\/wp\/v2\/users\/1"}],"replies":[{"embeddable":true,"href":"https:\/\/actu-peche.fr\/index.php?rest_route=%2Fwp%2Fv2%2Fcomments&post=214"}],"version-history":[{"count":1,"href":"https:\/\/actu-peche.fr\/index.php?rest_route=\/wp\/v2\/pages\/214\/revisions"}],"predecessor-version":[{"id":215,"href":"https:\/\/actu-peche.fr\/index.php?rest_route=\/wp\/v2\/pages\/214\/revisions\/215"}],"wp:attachment":[{"href":"https:\/\/actu-peche.fr\/index.php?rest_route=%2Fwp%2Fv2%2Fmedia&parent=214"}],"curies":[{"name":"wp","href":"https:\/\/api.w.org\/{rel}","templated":true}]}}