{"id":219,"date":"2020-11-11T12:37:55","date_gmt":"2020-11-11T12:37:55","guid":{"rendered":"https:\/\/actu-peche.fr\/?page_id=219"},"modified":"2020-11-13T22:02:49","modified_gmt":"2020-11-13T22:02:49","slug":"catalogue-shimano-2021-francais","status":"publish","type":"page","link":"https:\/\/actu-peche.fr\/?page_id=219","title":{"rendered":"Catalogue Shimano 2021 fran\u00e7ais"},"content":{"rendered":"\n<div class=\"wp-block-pdf-viewer-block-standard\" style=\"text-align:center\"><div class=\"uploaded-pdf\"><a href=\"https:\/\/actu-peche.fr\/wp-content\/uploads\/2020\/11\/Catalogue_Shimano_2021.pdf\" data-width=\"\" data-height=\"\"><\/a><\/div><\/div>\n\n\n\n<h2><strong>Vivre au plus pr\u00e8s de la nature pour \u00eatre au plus proche des hommes.<\/strong><\/h2>\n\n\n\n<p>Les hommes ressentent le bonheur d\u2019entrer en contact avec la nature.<\/p>\n\n\n\n<p>Ils ressentent \u00e9galement le bonheur de rencontrer quelqu\u2019un et de communiquer avec lui. Tout simplement car nous sommes des \u00eatres provenant de la nature. De plus, les outils ont fortement contribu\u00e9 \u00e0 lier les personnes entre elles.&nbsp;Chez Shimano, nous proposons des produits sp\u00e9cialis\u00e9s dans la p\u00eache et le cyclisme, deux des sports les plus populaires en ext\u00e9rieur.<br><br>Le plaisir de sentir le vent effleurer notre peau, le soleil per\u00e7ant entre les arbres et la silhouette des vagues couvrant l\u2019oc\u00e9an ont gagn\u00e9 le c\u0153ur des hommes. C\u2019est pourquoi nous recherchons \u00e0 devenir une entreprise qui provoque ce genre de moments et d&rsquo;\u00e9motions.<br><br>Chaque jour, nous continuons \u00e0 aider des personnes \u00e0 r\u00e9aliser leurs r\u00eaves, \u00e0 cr\u00e9er de nouveaux modes de vie permettant de vivre au plus proche de la nature et de partager des moments pr\u00e9cieux avec chacun.<\/p>\n","protected":false},"excerpt":{"rendered":"<p>Vivre au plus pr\u00e8s de la nature pour \u00eatre au plus proche des hommes. Les hommes ressentent le bonheur d\u2019entrer en contact avec la nature. Ils ressentent \u00e9galement le bonheur de rencontrer quelqu\u2019un et de communiquer avec lui. Tout simplement car nous sommes des \u00eatres provenant de la nature. De plus, les outils ont fortement &hellip; <\/p>\n","protected":false},"author":1,"featured_media":0,"parent":0,"menu_order":0,"comment_status":"open","ping_status":"closed","template":"","meta":[],"_links":{"self":[{"href":"https:\/\/actu-peche.fr\/index.php?rest_route=\/wp\/v2\/pages\/219"}],"collection":[{"href":"https:\/\/actu-peche.fr\/index.php?rest_route=\/wp\/v2\/pages"}],"about":[{"href":"https:\/\/actu-peche.fr\/index.php?rest_route=\/wp\/v2\/types\/page"}],"author":[{"embeddable":true,"href":"https:\/\/actu-peche.fr\/index.php?rest_route=\/wp\/v2\/users\/1"}],"replies":[{"embeddable":true,"href":"https:\/\/actu-peche.fr\/index.php?rest_route=%2Fwp%2Fv2%2Fcomments&post=219"}],"version-history":[{"count":1,"href":"https:\/\/actu-peche.fr\/index.php?rest_route=\/wp\/v2\/pages\/219\/revisions"}],"predecessor-version":[{"id":221,"href":"https:\/\/actu-peche.fr\/index.php?rest_route=\/wp\/v2\/pages\/219\/revisions\/221"}],"wp:attachment":[{"href":"https:\/\/actu-peche.fr\/index.php?rest_route=%2Fwp%2Fv2%2Fmedia&parent=219"}],"curies":[{"name":"wp","href":"https:\/\/api.w.org\/{rel}","templated":true}]}}