{"id":224,"date":"2020-11-11T12:51:33","date_gmt":"2020-11-11T12:51:33","guid":{"rendered":"https:\/\/actu-peche.fr\/?page_id=224"},"modified":"2020-11-13T22:03:34","modified_gmt":"2020-11-13T22:03:34","slug":"catalogue-way-of-fishing-2021-francais","status":"publish","type":"page","link":"https:\/\/actu-peche.fr\/?page_id=224","title":{"rendered":"Catalogue Way Of Fishing 2021 fran\u00e7ais"},"content":{"rendered":"\n<iframe id=\"inlineFrameExample\" title=\"Inline Frame Example\" width=\"1200\" height=\"800\" src=\"https:\/\/issuu.com\/wayoffishing\/docs\/catalogue_wof_2020-2021_complet_pour_site_et_comme\">\n<\/iframe>\n\n\n\n<p><strong>La p\u00eache est pour nous un art, la pratiquer requiert la ma\u00eetrise d\u2019une technique.<br>Notre conception de la p\u00eache consiste \u00e0 privil\u00e9gier une technique en particulier. WAY OF FISHING signifie \u00ab mani\u00e8re de p\u00eacher \u00bb en anglais, pour nous prendre un poisson avec la mani\u00e8re c\u2019est r\u00e9solument le prendre aux leurres.<br>La p\u00eache de surface est celle qui nous procure les sensations les plus fortes mais la p\u00eache aux jigs, aux poissons nageurs, aux leurres souples nous passionne tout autant.<br>Nous aimons le beau mat\u00e9riel. La seule id\u00e9e de p\u00eacher avec nous fait d\u00e9j\u00e0 r\u00eaver.<br>L\u2019utilisation d\u2019un mat\u00e9riel technique, l\u00e9ger et performant d\u00e9cuple notre plaisir.<br>Nous s\u00e9lectionnons ce qui se fait de mieux sans que le crit\u00e8re du co\u00fbt n\u2019entre en ligne de compte.<br>Nous r\u00e9f\u00e9ren\u00e7ons du mat\u00e9riel m\u00eame s\u2019il ne correspond pas imm\u00e9diatement \u00e0 la demande.<br>Nous voulons donner de la p\u00eache l\u2019image d\u2019un sport extr\u00eame, un sport physique et technique mais respectueux de l\u2019environnement.<br><strong>Nous souhaitons que nos enfants puissent \u00e9prouver les m\u00eames joies que nous \u00e0 combattre des poissons fabuleux dans toutes les eaux du globe.<\/strong><\/strong><\/p>\n","protected":false},"excerpt":{"rendered":"<p>La p\u00eache est pour nous un art, la pratiquer requiert la ma\u00eetrise d\u2019une technique.Notre conception de la p\u00eache consiste \u00e0 privil\u00e9gier une technique en particulier. WAY OF FISHING signifie \u00ab mani\u00e8re de p\u00eacher \u00bb en anglais, pour nous prendre un poisson avec la mani\u00e8re c\u2019est r\u00e9solument le prendre aux leurres.La p\u00eache de surface est celle &hellip; <\/p>\n","protected":false},"author":1,"featured_media":0,"parent":0,"menu_order":0,"comment_status":"open","ping_status":"closed","template":"","meta":[],"_links":{"self":[{"href":"https:\/\/actu-peche.fr\/index.php?rest_route=\/wp\/v2\/pages\/224"}],"collection":[{"href":"https:\/\/actu-peche.fr\/index.php?rest_route=\/wp\/v2\/pages"}],"about":[{"href":"https:\/\/actu-peche.fr\/index.php?rest_route=\/wp\/v2\/types\/page"}],"author":[{"embeddable":true,"href":"https:\/\/actu-peche.fr\/index.php?rest_route=\/wp\/v2\/users\/1"}],"replies":[{"embeddable":true,"href":"https:\/\/actu-peche.fr\/index.php?rest_route=%2Fwp%2Fv2%2Fcomments&post=224"}],"version-history":[{"count":1,"href":"https:\/\/actu-peche.fr\/index.php?rest_route=\/wp\/v2\/pages\/224\/revisions"}],"predecessor-version":[{"id":225,"href":"https:\/\/actu-peche.fr\/index.php?rest_route=\/wp\/v2\/pages\/224\/revisions\/225"}],"wp:attachment":[{"href":"https:\/\/actu-peche.fr\/index.php?rest_route=%2Fwp%2Fv2%2Fmedia&parent=224"}],"curies":[{"name":"wp","href":"https:\/\/api.w.org\/{rel}","templated":true}]}}