{"id":271,"date":"2020-11-13T20:33:50","date_gmt":"2020-11-13T20:33:50","guid":{"rendered":"https:\/\/actu-peche.fr\/?page_id=271"},"modified":"2020-11-13T21:54:29","modified_gmt":"2020-11-13T21:54:29","slug":"maitrisez-la-peche-a-langlaise-au-flotteur-waggler-coulissant-comme-stephane-pottelet","status":"publish","type":"page","link":"https:\/\/actu-peche.fr\/?page_id=271","title":{"rendered":"Ma\u00eetrisez la P\u00eache \u00e0 l&rsquo;Anglaise au Flotteur Waggler Coulissant comme St\u00e9phane Pottelet"},"content":{"rendered":"\n<p> St\u00e9phane Pottelet est champion de France, d&rsquo;Europe et du Monde par Equipe. C&rsquo;est un p\u00eacheur extr\u00eamement polyvalent qui pratique toutes les techniques au flotteur. Il nous propose de d\u00e9couvrir et se perfectionner sur la p\u00eache \u00e0 l&rsquo;anglaise au flotteur waggler coulissant. Comment ma\u00eetriser simplement? Bien choisir son Mat\u00e9riel &#8211; Strat\u00e9gies &#8211; Trucs &amp; Astuces pour le montage de la ligne \u00e0 l&rsquo;anglaise coulissant?&nbsp;Suivez le guide! D\u00e9roulement chronologique de la vid\u00e9o : D\u00e9but : Pr\u00e9sentation et Installation. 1min10 : Pr\u00e9sentation de la canne anglaise et du moulinet anglaise \u00e0 utiliser. 3min30 : Pr\u00e9sentation du petit mat\u00e9riel n\u00e9cessaire au montage et facilitant les lancers (flotteurs waggler coulissants, perle, nylon sp\u00e9cial anglaise, plombs, billes perc\u00e9es). 4min45 : Pr\u00e9sentations des 2 techniques de p\u00eache \u00e0 l&rsquo;anglaise m\u00e9thode anglaise et m\u00e9thode italienne. 8min : Comment bien remplir de nylon son moulinet. 11min25 : Tuto montage des lignes \u00e0 l&rsquo;anglaise au coulissant avec les m\u00e9thodes italienne et anglaise. 23min20 : R\u00e9alisation des noeuds d\u2019arr\u00eat et Comment bien r\u00e9aliser le sondage pour la p\u00eache \u00e0 l&rsquo;anglaise. 35min20 : Les bas de ligne pour la p\u00eache \u00e0 l&rsquo;anglaise au coulissant. 36min50 : La pr\u00e9paration d&rsquo;une bonne amorce pour la p\u00eache \u00e0 l&rsquo;anglaise au coulissant pour les beaux poissons. 40min15 : Pr\u00e9sentation des esches-app\u00e2ts et amor\u00e7age. 42min20 : D\u00e9but de la p\u00eache anglaise avec la m\u00e9thode anglaise. 45min25 : Rappel sur les formes d&rsquo;hame\u00e7on adapt\u00e9s \u00e0 la p\u00eache \u00e0 l&rsquo;anglaise. 48min40 : Pr\u00e9sentation du montage de la ligne pour la p\u00eache \u00e0 l&rsquo;anglaise coulissant m\u00e9thode italienne. 55min50 : Astuces pour bien lancer sans emm\u00ealer pour la p\u00eache \u00e0 l&rsquo;anglaise au coulissant. 1h01min40 : Bilan de la p\u00eache<\/p>\n\n\n\n<figure class=\"wp-block-embed-youtube wp-block-embed is-type-video is-provider-youtube wp-embed-aspect-16-9 wp-has-aspect-ratio\"><div class=\"wp-block-embed__wrapper\">\n<iframe title=\"Ma\u00eetrisez la P\u00eache \u00e0 l&#039;Anglaise au Flotteur Waggler Coulissant comme St\u00e9phane Pottelet - Netpeche 10\" width=\"790\" height=\"444\" src=\"https:\/\/www.youtube.com\/embed\/lajE9CAJgTo?start=7&#038;feature=oembed\" frameborder=\"0\" allow=\"accelerometer; autoplay; clipboard-write; encrypted-media; gyroscope; picture-in-picture\" allowfullscreen><\/iframe>\n<\/div><\/figure>\n\n\n\n<p><\/p>\n","protected":false},"excerpt":{"rendered":"<p>St\u00e9phane Pottelet est champion de France, d&rsquo;Europe et du Monde par Equipe. C&rsquo;est un p\u00eacheur extr\u00eamement polyvalent qui pratique toutes les techniques au flotteur. Il nous propose de d\u00e9couvrir et se perfectionner sur la p\u00eache \u00e0 l&rsquo;anglaise au flotteur waggler coulissant. Comment ma\u00eetriser simplement? Bien choisir son Mat\u00e9riel &#8211; Strat\u00e9gies &#8211; Trucs &amp; Astuces pour &hellip; <\/p>\n","protected":false},"author":1,"featured_media":0,"parent":0,"menu_order":0,"comment_status":"open","ping_status":"closed","template":"","meta":[],"_links":{"self":[{"href":"https:\/\/actu-peche.fr\/index.php?rest_route=\/wp\/v2\/pages\/271"}],"collection":[{"href":"https:\/\/actu-peche.fr\/index.php?rest_route=\/wp\/v2\/pages"}],"about":[{"href":"https:\/\/actu-peche.fr\/index.php?rest_route=\/wp\/v2\/types\/page"}],"author":[{"embeddable":true,"href":"https:\/\/actu-peche.fr\/index.php?rest_route=\/wp\/v2\/users\/1"}],"replies":[{"embeddable":true,"href":"https:\/\/actu-peche.fr\/index.php?rest_route=%2Fwp%2Fv2%2Fcomments&post=271"}],"version-history":[{"count":2,"href":"https:\/\/actu-peche.fr\/index.php?rest_route=\/wp\/v2\/pages\/271\/revisions"}],"predecessor-version":[{"id":291,"href":"https:\/\/actu-peche.fr\/index.php?rest_route=\/wp\/v2\/pages\/271\/revisions\/291"}],"wp:attachment":[{"href":"https:\/\/actu-peche.fr\/index.php?rest_route=%2Fwp%2Fv2%2Fmedia&parent=271"}],"curies":[{"name":"wp","href":"https:\/\/api.w.org\/{rel}","templated":true}]}}