{"id":298,"date":"2020-11-14T09:10:24","date_gmt":"2020-11-14T09:10:24","guid":{"rendered":"https:\/\/actu-peche.fr\/?page_id=298"},"modified":"2020-11-14T09:16:20","modified_gmt":"2020-11-14T09:16:20","slug":"debuter-la-peche-de-la-carpe-a-la-pate","status":"publish","type":"page","link":"https:\/\/actu-peche.fr\/?page_id=298","title":{"rendered":"D\u00e9buter la PECHE de la CARPE \u00e0 la PATE"},"content":{"rendered":"\n<p>Cette nouvelle vid\u00e9o s\u2019adresse en priorit\u00e9 aux d\u00e9butants qui voudraient pratiquer cette technique hyper rentable \u00e0 la p\u00e9riode estivale. 30 min pour vous expliquer comment pr\u00e9parer votre tapis d\u2019amor\u00e7age, comment mouiller la p\u00e2te, les lignes \u2026. J\u2019ai essay\u00e9 de ne rien oublier \ud83d\ude02\ud83d\ude02 N\u2019h\u00e9sitez pas \u00e0 partager et mettre un petit pouce bleu si cette vid\u00e9o vous a plu, et surtout continuez \u00e0 vous abonner ! merci d\u2019avance \ud83d\udc4d\ud83d\udc4d Cette vid\u00e9o a \u00e9t\u00e9 film\u00e9 au <a href=\"https:\/\/www.youtube.com\/results?search_query=%23Ch%C3%A2teau\">#Ch\u00e2teau<\/a> de <a href=\"https:\/\/www.youtube.com\/results?search_query=%23Chigy\">#Chigy<\/a> \u00e0 Luzy au sud du <a href=\"https:\/\/www.youtube.com\/results?search_query=%23Morvan\">#Morvan<\/a>, possibilit\u00e9 de r\u00e9servation sur www.chateaudechigy.com.fr D\u00e9tail du mat\u00e9riel et des esches : P\u00e2te ONE &amp; ONE Fun Fishing <a rel=\"noreferrer noopener\" href=\"https:\/\/www.youtube.com\/redirect?v=NM-ZaIbLnjk&amp;redir_token=QUFFLUhqa0JtMzV3dVdOSVVHbDFmNjR5dW9uZF8wWnpSZ3xBQ3Jtc0tsVmlpUElYTlQzMVF2ekltZUM4WTZ2dnZ5TnZ2UXFhcW1LZjVIQXhsWkVkYko1SmZsSkU1Wm1iTUVBLW5PVW8tVWd1VHRYcTRIZW02SnZ5TG8yb0xtQUp5R3BXUjNoUVFhQ2pKRjVLWWhzN3NqRWhqMA%3D%3D&amp;event=video_description&amp;q=http%3A%2F%2Fwww.funfishing.fr%2Frubrique.php%3Fgamme%3D92%26rubrique%3D381\" target=\"_blank\">http:\/\/www.funfishing.fr\/rubrique.php&#8230;<\/a> Paste Fiber Fun Fishing <a rel=\"noreferrer noopener\" href=\"https:\/\/www.youtube.com\/redirect?v=NM-ZaIbLnjk&amp;redir_token=QUFFLUhqbTVnSXpGdjZDZDVsQ25rcGVDTjdRVFM5dXhLQXxBQ3Jtc0ttdjh3MDBuMlBtaHJqMDRVZGVWVHJXRDhja0RMWVpkZ251MVRXQ0xaYUNPMkc4R1o5c1ZnV0sxY2FnUGNqaGNUcFh0S0l2WVVVaTJwU0JrdmMzZ2FwYngwc1BvVmhxU1BpRld1d0Vyb3JtS3ltelN5UQ%3D%3D&amp;event=video_description&amp;q=http%3A%2F%2Fwww.funfishing.fr%2Frubrique.php%3Fgamme%3D92%26rubrique%3D433\" target=\"_blank\">http:\/\/www.funfishing.fr\/rubrique.php&#8230;<\/a> Pellets d\u2019amor\u00e7age 3mm <a rel=\"noreferrer noopener\" href=\"https:\/\/www.youtube.com\/redirect?v=NM-ZaIbLnjk&amp;redir_token=QUFFLUhqbmpQVXNWQ2ZqR0otVDh6VnhRMG1Da3oydFFIUXxBQ3Jtc0tsb3pnb3V2OFE3V0FRRFZVc05yTkJvZU9nM3liRlZjUHBJS2p2b0V2dnBjcVJDMEhnVUxPOGtmeE15R21xaUZzcld6eEdJRjV2bHZlTXg4QnBNNm9xbHlzTm43cHpPd3dDOXlITUMyQ1hHM0t2SDR4bw%3D%3D&amp;event=video_description&amp;q=http%3A%2F%2Fwww.funfishing.fr%2Frubrique.php%3Fgamme%3D92%26rubrique%3D204\" target=\"_blank\">http:\/\/www.funfishing.fr\/rubrique.php&#8230;<\/a> Canne DA\u00cfWA GIANT CARP POLE + <a rel=\"noreferrer noopener\" href=\"https:\/\/www.youtube.com\/redirect?v=NM-ZaIbLnjk&amp;redir_token=QUFFLUhqbTlGaGZiMkZ0X2wyMEJObWpjYTZfcGNfcEdrUXxBQ3Jtc0tsZ0NIVWRmQjUxRUhYQWxvWDhZV1NEem8yQW9FWG5rMkQzSlVSZUY2WThMckRjVTE3cnltVzhrYm5hblpVTHRMRFZPbk4xZTlvRzBpVkhGWm1IbWQ2TTVIZ19zc2xERGlSSUc2LUJqZGRnNXRqRl9IUQ%3D%3D&amp;event=video_description&amp;q=https%3A%2F%2Fwww.daiwa.fr%2Fproduits%2Fcannes%2Fgiant-carp-pole-plus\" target=\"_blank\">https:\/\/www.daiwa.fr\/produits\/cannes\/&#8230;<\/a> Elastiques creux fluo Fun Fishing <a rel=\"noreferrer noopener\" href=\"https:\/\/www.youtube.com\/redirect?v=NM-ZaIbLnjk&amp;redir_token=QUFFLUhqbnBKX0dDYXdsWEYxa3dDS01aZ3dnR0xxRXEyd3xBQ3Jtc0trS3RsY0tneHpsZjdiQkMyam9OS3hEdDMyTUJuM1R2UU44cHVwVGZDakZia0dLbHlpb3hXaElNdEpGMDBQd2ZManFXZWR4X3pHTG1OT04yZi0zZGpjWlZkWWFXb2F6NnFDdTNKblU3R2QtZHhXN0dZSQ%3D%3D&amp;event=video_description&amp;q=http%3A%2F%2Fwww.funfishing.fr%2Frubrique.php%3Fgamme%3D109%26rubrique%3D320\" target=\"_blank\">http:\/\/www.funfishing.fr\/rubrique.php&#8230;<\/a> Nylon Exelium Fun Fishing <a rel=\"noreferrer noopener\" href=\"https:\/\/www.youtube.com\/redirect?v=NM-ZaIbLnjk&amp;redir_token=QUFFLUhqazJjQlR5eTdnZzBIVFgwRjRucXVHRzdUZ2FyUXxBQ3Jtc0ttaVFabk9oUWFzRzZzRUpkVVhZTVJJVFJnZE1xRWpGS0F1Z285T2U5RlJzTkVvaDFFeEUxcEU2bi1iQW9qRHdCRHlyQTBTc01CV3VkRmcxS21nVGtnbko1NUtyMHhrT0VCZlo3Y1ZzYjM2VHVzVm1Xaw%3D%3D&amp;event=video_description&amp;q=http%3A%2F%2Fwww.funfishing.fr%2Frubrique.php%3Fgamme%3D109%26rubrique%3D358\" target=\"_blank\">http:\/\/www.funfishing.fr\/rubrique.php&#8230;<\/a> Flotteurs PS2 Fun Fishing <a rel=\"noreferrer noopener\" href=\"https:\/\/www.youtube.com\/redirect?v=NM-ZaIbLnjk&amp;redir_token=QUFFLUhqa3JYbXh0cGVtRUF4QmxnbV9oRmtRc2FpMkhEZ3xBQ3Jtc0tuTTB3eERZTHNrQWxMdFZ1QUxsaG9VaHZhM0swMWNZdDdrNlFMZ2M1LWp1eWU0MlA2azhDVVI4dC13SlBRbTNaNFJkZk41T2l5OUZObXdlWTRPYlhiWjJMV0xZZHhlOWtabDk4aVJBZE9vV3QzMUp4aw%3D%3D&amp;event=video_description&amp;q=http%3A%2F%2Fwww.funfishing.fr%2Frubrique.php%3Fgamme%3D109%26rubrique%3D312\" target=\"_blank\">http:\/\/www.funfishing.fr\/rubrique.php&#8230;<\/a> Hame\u00e7ons Fun Fishing MP et XT1 <a rel=\"noreferrer noopener\" href=\"https:\/\/www.youtube.com\/redirect?v=NM-ZaIbLnjk&amp;redir_token=QUFFLUhqa3dBeEdoalphekZNTlpFTzZRTUxKT0p5NWxpQXxBQ3Jtc0tuX3VvbWtKa0ZGOHcyWnlvR09vWnlzRUZvaTJ1QTJMZkt4LWtYQ3RxWkszT0RXc2JtZjZXSDMwN2czRVFjSk9YcG1sTEhVakE0LUJPOHZkTjBwNXNjQTFPT1NSOFBPaUJlUU9SdEp4Q09NRUxHc3dDVQ%3D%3D&amp;event=video_description&amp;q=http%3A%2F%2Fwww.funfishing.fr%2Frubrique.php%3Fgamme%3D109%26rubrique%3D438\" target=\"_blank\">http:\/\/www.funfishing.fr\/rubrique.php&#8230;<\/a><a rel=\"noreferrer noopener\" href=\"https:\/\/www.youtube.com\/redirect?v=NM-ZaIbLnjk&amp;redir_token=QUFFLUhqbkZIN1ZZQ09hdlVUUjFsd3RNMkdXa0NVeWNiQXxBQ3Jtc0tuNXlDOXVVSFV2a1U1Y1VMV2pWd0xqRGp1dV94T05IeVVMOHN1enloMFdWYndLeTJUdURMbno1YmgtX1ZNUzVTNE1WelVqOWRwelBQVDdMQW50TUZBajRBRzZIOTZtOERrdFB3RVpUbld2RW1jUG5kVQ%3D%3D&amp;event=video_description&amp;q=http%3A%2F%2Fwww.funfishing.fr%2Frubrique.php%3Fgamme%3D109%26rubrique%3D316\" target=\"_blank\">http:\/\/www.funfishing.fr\/rubrique.php&#8230;<\/a><\/p>\n\n\n\n<figure class=\"wp-block-embed-youtube wp-block-embed is-type-video is-provider-youtube wp-embed-aspect-16-9 wp-has-aspect-ratio\"><div class=\"wp-block-embed__wrapper\">\n<iframe title=\"\ud83c\udd95\ud83c\udd95D\u00e9buter la PECHE de la CARPE \u00e0 la PATE\" width=\"790\" height=\"444\" src=\"https:\/\/www.youtube.com\/embed\/NM-ZaIbLnjk?start=826&#038;feature=oembed\" frameborder=\"0\" allow=\"accelerometer; autoplay; clipboard-write; encrypted-media; gyroscope; picture-in-picture\" allowfullscreen><\/iframe>\n<\/div><\/figure>\n\n\n\n<p><a href=\"https:\/\/www.youtube.com\/channel\/UCnnfxElGDh-ZjHd7bJT2DHQ\">Seb TV Fishing<\/a><\/p>\n","protected":false},"excerpt":{"rendered":"<p>Cette nouvelle vid\u00e9o s\u2019adresse en priorit\u00e9 aux d\u00e9butants qui voudraient pratiquer cette technique hyper rentable \u00e0 la p\u00e9riode estivale. 30 min pour vous expliquer comment pr\u00e9parer votre tapis d\u2019amor\u00e7age, comment mouiller la p\u00e2te, les lignes \u2026. J\u2019ai essay\u00e9 de ne rien oublier \ud83d\ude02\ud83d\ude02 N\u2019h\u00e9sitez pas \u00e0 partager et mettre un petit pouce bleu si cette &hellip; <\/p>\n","protected":false},"author":1,"featured_media":0,"parent":0,"menu_order":0,"comment_status":"closed","ping_status":"closed","template":"","meta":[],"_links":{"self":[{"href":"https:\/\/actu-peche.fr\/index.php?rest_route=\/wp\/v2\/pages\/298"}],"collection":[{"href":"https:\/\/actu-peche.fr\/index.php?rest_route=\/wp\/v2\/pages"}],"about":[{"href":"https:\/\/actu-peche.fr\/index.php?rest_route=\/wp\/v2\/types\/page"}],"author":[{"embeddable":true,"href":"https:\/\/actu-peche.fr\/index.php?rest_route=\/wp\/v2\/users\/1"}],"replies":[{"embeddable":true,"href":"https:\/\/actu-peche.fr\/index.php?rest_route=%2Fwp%2Fv2%2Fcomments&post=298"}],"version-history":[{"count":3,"href":"https:\/\/actu-peche.fr\/index.php?rest_route=\/wp\/v2\/pages\/298\/revisions"}],"predecessor-version":[{"id":301,"href":"https:\/\/actu-peche.fr\/index.php?rest_route=\/wp\/v2\/pages\/298\/revisions\/301"}],"wp:attachment":[{"href":"https:\/\/actu-peche.fr\/index.php?rest_route=%2Fwp%2Fv2%2Fmedia&parent=298"}],"curies":[{"name":"wp","href":"https:\/\/api.w.org\/{rel}","templated":true}]}}