{"id":333,"date":"2020-11-14T18:31:24","date_gmt":"2020-11-14T18:31:24","guid":{"rendered":"https:\/\/actu-peche.fr\/?page_id=333"},"modified":"2020-11-14T18:31:24","modified_gmt":"2020-11-14T18:31:24","slug":"aappma-freney-doisans-larc-en-ciel-du-haut-oisans-la-peche-en-isere","status":"publish","type":"page","link":"https:\/\/actu-peche.fr\/?page_id=333","title":{"rendered":"AAPPMA Freney d&rsquo;oisans L&rsquo;arc en ciel du Haut Oisans La p\u00eache en Is\u00e8re"},"content":{"rendered":"\n<p>Film sur la p\u00eache en Is\u00e8re (Versoin longue) \ud83c\udfa5\ud83c\udfa3. Apr\u00e8s la journ\u00e9e de tournage dans l&rsquo;Oisans, le film est enfin l\u00e0. De magnifiques paysages, et de beaux poissons, l&rsquo;is\u00e8re dans toute sa splendeur. Un grand merci \u00e0 la F\u00e9d\u00e9ration de P\u00eache de l&rsquo;Is\u00e8re et toutes nos f\u00e9licitations au vid\u00e9aste @JP Forzani pour ce super Film. Merci pour cette belle journ\u00e9e pass\u00e9e dans l&rsquo;Oisans et pour les belles images captur\u00e9es. Merci aux figurants de notre AAPPMA : @Mathieu Kreckelbergh , Nicolas Carjat et @Alain Arnol.<\/p>\n\n\n\n<figure class=\"wp-block-embed-youtube wp-block-embed is-type-video is-provider-youtube wp-embed-aspect-16-9 wp-has-aspect-ratio\"><div class=\"wp-block-embed__wrapper\">\n<iframe title=\"AAPPMA  Freney d&#039;oisans L&#039;arc en ciel du Haut Oisans   La p\u00eache en Is\u00e8re\" width=\"790\" height=\"444\" src=\"https:\/\/www.youtube.com\/embed\/CjlIgCpuzgw?feature=oembed\" frameborder=\"0\" allow=\"accelerometer; autoplay; clipboard-write; encrypted-media; gyroscope; picture-in-picture\" allowfullscreen><\/iframe>\n<\/div><\/figure>\n","protected":false},"excerpt":{"rendered":"<p>Film sur la p\u00eache en Is\u00e8re (Versoin longue) \ud83c\udfa5\ud83c\udfa3. Apr\u00e8s la journ\u00e9e de tournage dans l&rsquo;Oisans, le film est enfin l\u00e0. De magnifiques paysages, et de beaux poissons, l&rsquo;is\u00e8re dans toute sa splendeur. Un grand merci \u00e0 la F\u00e9d\u00e9ration de P\u00eache de l&rsquo;Is\u00e8re et toutes nos f\u00e9licitations au vid\u00e9aste @JP Forzani pour ce super Film. &hellip; <\/p>\n","protected":false},"author":1,"featured_media":0,"parent":0,"menu_order":0,"comment_status":"closed","ping_status":"closed","template":"","meta":[],"_links":{"self":[{"href":"https:\/\/actu-peche.fr\/index.php?rest_route=\/wp\/v2\/pages\/333"}],"collection":[{"href":"https:\/\/actu-peche.fr\/index.php?rest_route=\/wp\/v2\/pages"}],"about":[{"href":"https:\/\/actu-peche.fr\/index.php?rest_route=\/wp\/v2\/types\/page"}],"author":[{"embeddable":true,"href":"https:\/\/actu-peche.fr\/index.php?rest_route=\/wp\/v2\/users\/1"}],"replies":[{"embeddable":true,"href":"https:\/\/actu-peche.fr\/index.php?rest_route=%2Fwp%2Fv2%2Fcomments&post=333"}],"version-history":[{"count":1,"href":"https:\/\/actu-peche.fr\/index.php?rest_route=\/wp\/v2\/pages\/333\/revisions"}],"predecessor-version":[{"id":334,"href":"https:\/\/actu-peche.fr\/index.php?rest_route=\/wp\/v2\/pages\/333\/revisions\/334"}],"wp:attachment":[{"href":"https:\/\/actu-peche.fr\/index.php?rest_route=%2Fwp%2Fv2%2Fmedia&parent=333"}],"curies":[{"name":"wp","href":"https:\/\/api.w.org\/{rel}","templated":true}]}}