{"id":344,"date":"2020-11-14T19:58:59","date_gmt":"2020-11-14T19:58:59","guid":{"rendered":"https:\/\/actu-peche.fr\/?page_id=344"},"modified":"2020-11-14T19:58:59","modified_gmt":"2020-11-14T19:58:59","slug":"atelier-live-flotteurs-rive-2021","status":"publish","type":"page","link":"https:\/\/actu-peche.fr\/?page_id=344","title":{"rendered":"ATELIER LIVE &#8211; FLOTTEURS RIVE 2021"},"content":{"rendered":"\n<p>Regarder en replay l&rsquo;ATELIER LIVE consacr\u00e9 aux flotteurs RIVE 2021 !Nous passons en revu la gamme de flotteurs pour la p\u00eache du gardons mais aussi la p\u00eache de la carpe et la p\u00eache \u00e0 la p\u00e2te.<\/p>\n\n\n\n<figure class=\"wp-block-embed-youtube aligncenter wp-block-embed is-type-video is-provider-youtube wp-embed-aspect-16-9 wp-has-aspect-ratio\"><div class=\"wp-block-embed__wrapper\">\n<iframe title=\"ATELIER LIVE - FLOTTEURS RIVE 2021 | REPLAY\" width=\"790\" height=\"444\" src=\"https:\/\/www.youtube.com\/embed\/FZOigU63MVA?feature=oembed\" frameborder=\"0\" allow=\"accelerometer; autoplay; clipboard-write; encrypted-media; gyroscope; picture-in-picture\" allowfullscreen><\/iframe>\n<\/div><\/figure>\n","protected":false},"excerpt":{"rendered":"<p>Regarder en replay l&rsquo;ATELIER LIVE consacr\u00e9 aux flotteurs RIVE 2021 !Nous passons en revu la gamme de flotteurs pour la p\u00eache du gardons mais aussi la p\u00eache de la carpe et la p\u00eache \u00e0 la p\u00e2te.<\/p>\n","protected":false},"author":1,"featured_media":0,"parent":0,"menu_order":0,"comment_status":"closed","ping_status":"closed","template":"","meta":[],"_links":{"self":[{"href":"https:\/\/actu-peche.fr\/index.php?rest_route=\/wp\/v2\/pages\/344"}],"collection":[{"href":"https:\/\/actu-peche.fr\/index.php?rest_route=\/wp\/v2\/pages"}],"about":[{"href":"https:\/\/actu-peche.fr\/index.php?rest_route=\/wp\/v2\/types\/page"}],"author":[{"embeddable":true,"href":"https:\/\/actu-peche.fr\/index.php?rest_route=\/wp\/v2\/users\/1"}],"replies":[{"embeddable":true,"href":"https:\/\/actu-peche.fr\/index.php?rest_route=%2Fwp%2Fv2%2Fcomments&post=344"}],"version-history":[{"count":1,"href":"https:\/\/actu-peche.fr\/index.php?rest_route=\/wp\/v2\/pages\/344\/revisions"}],"predecessor-version":[{"id":345,"href":"https:\/\/actu-peche.fr\/index.php?rest_route=\/wp\/v2\/pages\/344\/revisions\/345"}],"wp:attachment":[{"href":"https:\/\/actu-peche.fr\/index.php?rest_route=%2Fwp%2Fv2%2Fmedia&parent=344"}],"curies":[{"name":"wp","href":"https:\/\/api.w.org\/{rel}","templated":true}]}}