{"id":374,"date":"2021-11-01T14:39:01","date_gmt":"2021-11-01T14:39:01","guid":{"rendered":"https:\/\/actu-peche.fr\/?page_id=374"},"modified":"2021-11-01T14:45:45","modified_gmt":"2021-11-01T14:45:45","slug":"nouveautes-milo-2022-gerard-trinquier-international-milo-day-2021","status":"publish","type":"page","link":"https:\/\/actu-peche.fr\/?page_id=374","title":{"rendered":"Nouveaut\u00e9s Milo 2022 G\u00e9rard Trinquier International Milo Day 2021"},"content":{"rendered":"\n<p>Merci \u00e0 Info P\u00eache<\/p>\n\n\n\n<p>Nouveaux mat\u00e9riaux canne \u00e0 coup roubaisiennes<\/p>\n\n\n\n<p>Milo Redvolution Match<\/p>\n\n\n\n<p>Milo Vertigo V22<\/p>\n\n\n\n<p>Redvolution Carpe Match<\/p>\n\n\n\n<p>Cannes beaucoup l\u00e9g\u00e8res et comptables V21<\/p>\n\n\n\n<p>Cannes bolognaises Milo deux s\u00e9ries strong et m\u00e9dium en 5, 6 7 et 8 m\u00e8tres Team Europe<\/p>\n\n\n\n<p>Les p\u00e2tes : 3 sortes<\/p>\n\n\n\n<p>Milo P\u00e2te esturgeon<\/p>\n\n\n\n<p>Milo P\u00e2te poisson chat et silure<\/p>\n\n\n\n<p>Milo P\u00e2te carpe \u00e0 la vanille<\/p>\n\n\n\n<p>Milo Aditif Brazen<\/p>\n\n\n\n<p>Milo Aditif carpe<\/p>\n\n\n\n<p>Milo Aditif touch tout poisson<\/p>\n\n\n\n<p>Les colles Milo<\/p>\n\n\n\n<p>Chenis Milo Monter avec germes<\/p>\n\n\n\n<p>Milo Power Magic d\u00e9graisser et alourdit asticots<\/p>\n\n\n\n<p>Nouveau paniers Milo V22<\/p>\n\n\n\n<p>Nouveau nylon Milo Krepton Redvolution \u00e0 voir dans dernier Info P\u00eache<\/p>\n\n\n\n<figure class=\"wp-block-embed-youtube wp-block-embed is-type-video is-provider-youtube wp-embed-aspect-16-9 wp-has-aspect-ratio\"><div class=\"wp-block-embed__wrapper\">\n<iframe title=\"Nouveaut\u00e9s Milo 2022 G\u00e9rard Trinquier International Milo Day 2021\" width=\"790\" height=\"444\" src=\"https:\/\/www.youtube.com\/embed\/nMm3yyt8U-Y?feature=oembed\" frameborder=\"0\" allow=\"accelerometer; autoplay; clipboard-write; encrypted-media; gyroscope; picture-in-picture\" allowfullscreen><\/iframe>\n<\/div><\/figure>\n","protected":false},"excerpt":{"rendered":"<p>Merci \u00e0 Info P\u00eache Nouveaux mat\u00e9riaux canne \u00e0 coup roubaisiennes Milo Redvolution Match Milo Vertigo V22 Redvolution Carpe Match Cannes beaucoup l\u00e9g\u00e8res et comptables V21 Cannes bolognaises Milo deux s\u00e9ries strong et m\u00e9dium en 5, 6 7 et 8 m\u00e8tres Team Europe Les p\u00e2tes : 3 sortes Milo P\u00e2te esturgeon Milo P\u00e2te poisson chat et &hellip; <\/p>\n","protected":false},"author":1,"featured_media":0,"parent":0,"menu_order":0,"comment_status":"closed","ping_status":"closed","template":"","meta":[],"_links":{"self":[{"href":"https:\/\/actu-peche.fr\/index.php?rest_route=\/wp\/v2\/pages\/374"}],"collection":[{"href":"https:\/\/actu-peche.fr\/index.php?rest_route=\/wp\/v2\/pages"}],"about":[{"href":"https:\/\/actu-peche.fr\/index.php?rest_route=\/wp\/v2\/types\/page"}],"author":[{"embeddable":true,"href":"https:\/\/actu-peche.fr\/index.php?rest_route=\/wp\/v2\/users\/1"}],"replies":[{"embeddable":true,"href":"https:\/\/actu-peche.fr\/index.php?rest_route=%2Fwp%2Fv2%2Fcomments&post=374"}],"version-history":[{"count":1,"href":"https:\/\/actu-peche.fr\/index.php?rest_route=\/wp\/v2\/pages\/374\/revisions"}],"predecessor-version":[{"id":375,"href":"https:\/\/actu-peche.fr\/index.php?rest_route=\/wp\/v2\/pages\/374\/revisions\/375"}],"wp:attachment":[{"href":"https:\/\/actu-peche.fr\/index.php?rest_route=%2Fwp%2Fv2%2Fmedia&parent=374"}],"curies":[{"name":"wp","href":"https:\/\/api.w.org\/{rel}","templated":true}]}}