{"id":44,"date":"2020-11-07T16:09:56","date_gmt":"2020-11-07T16:09:56","guid":{"rendered":"https:\/\/actu-peche.fr\/?page_id=44"},"modified":"2020-11-13T19:56:13","modified_gmt":"2020-11-13T19:56:13","slug":"peche-au-coup-generalite","status":"publish","type":"page","link":"https:\/\/actu-peche.fr\/?page_id=44","title":{"rendered":"P\u00eache au coup g\u00e9n\u00e9raliste"},"content":{"rendered":"\n<div class=\"wp-block-columns\">\n<div class=\"wp-block-column is-vertically-aligned-center\">\n<p class=\"has-text-align-center\"><a href=\"https:\/\/actu-peche.fr\/?page_id=257\" data-type=\"URL\" data-id=\"https:\/\/actu-peche.fr\/?page_id=257\">P\u00eache au Coup en \u00e9tang &#8211; Gros Gardons &#8211; Trucs, Astuces, Amorce et Montage de ligne &#8211; Julien Turpin<\/a><\/p>\n<\/div>\n\n\n\n<div class=\"wp-block-column\">\n<div class=\"wp-block-image\"><figure class=\"aligncenter size-large\"><a href=\"https:\/\/actu-peche.fr\/?page_id=257\"><img loading=\"lazy\" width=\"1024\" height=\"576\" src=\"https:\/\/actu-peche.fr\/wp-content\/uploads\/2020\/11\/Peche-au-Coup-en-etang-Gros-Gardons-Trucs-Astuces-Amorce-et-Montage-de-ligne-Julien-Turpin-1024x576.jpg\" alt=\"\" class=\"wp-image-255\" srcset=\"https:\/\/actu-peche.fr\/wp-content\/uploads\/2020\/11\/Peche-au-Coup-en-etang-Gros-Gardons-Trucs-Astuces-Amorce-et-Montage-de-ligne-Julien-Turpin-1024x576.jpg 1024w, https:\/\/actu-peche.fr\/wp-content\/uploads\/2020\/11\/Peche-au-Coup-en-etang-Gros-Gardons-Trucs-Astuces-Amorce-et-Montage-de-ligne-Julien-Turpin-300x169.jpg 300w, https:\/\/actu-peche.fr\/wp-content\/uploads\/2020\/11\/Peche-au-Coup-en-etang-Gros-Gardons-Trucs-Astuces-Amorce-et-Montage-de-ligne-Julien-Turpin-768x432.jpg 768w, https:\/\/actu-peche.fr\/wp-content\/uploads\/2020\/11\/Peche-au-Coup-en-etang-Gros-Gardons-Trucs-Astuces-Amorce-et-Montage-de-ligne-Julien-Turpin-107x60.jpg 107w, https:\/\/actu-peche.fr\/wp-content\/uploads\/2020\/11\/Peche-au-Coup-en-etang-Gros-Gardons-Trucs-Astuces-Amorce-et-Montage-de-ligne-Julien-Turpin.jpg 1280w\" sizes=\"(max-width: 1024px) 100vw, 1024px\" \/><\/a><\/figure><\/div>\n\n\n\n<p><\/p>\n<\/div>\n<\/div>\n\n\n\n<p><\/p>\n","protected":false},"excerpt":{"rendered":"","protected":false},"author":1,"featured_media":0,"parent":0,"menu_order":0,"comment_status":"closed","ping_status":"closed","template":"","meta":[],"_links":{"self":[{"href":"https:\/\/actu-peche.fr\/index.php?rest_route=\/wp\/v2\/pages\/44"}],"collection":[{"href":"https:\/\/actu-peche.fr\/index.php?rest_route=\/wp\/v2\/pages"}],"about":[{"href":"https:\/\/actu-peche.fr\/index.php?rest_route=\/wp\/v2\/types\/page"}],"author":[{"embeddable":true,"href":"https:\/\/actu-peche.fr\/index.php?rest_route=\/wp\/v2\/users\/1"}],"replies":[{"embeddable":true,"href":"https:\/\/actu-peche.fr\/index.php?rest_route=%2Fwp%2Fv2%2Fcomments&post=44"}],"version-history":[{"count":9,"href":"https:\/\/actu-peche.fr\/index.php?rest_route=\/wp\/v2\/pages\/44\/revisions"}],"predecessor-version":[{"id":266,"href":"https:\/\/actu-peche.fr\/index.php?rest_route=\/wp\/v2\/pages\/44\/revisions\/266"}],"wp:attachment":[{"href":"https:\/\/actu-peche.fr\/index.php?rest_route=%2Fwp%2Fv2%2Fmedia&parent=44"}],"curies":[{"name":"wp","href":"https:\/\/api.w.org\/{rel}","templated":true}]}}