{"id":77,"date":"2020-11-07T19:04:17","date_gmt":"2020-11-07T19:04:17","guid":{"rendered":"https:\/\/actu-peche.fr\/?page_id=77"},"modified":"2020-11-13T21:55:19","modified_gmt":"2020-11-13T21:55:19","slug":"catalogue-amiaud","status":"publish","type":"page","link":"https:\/\/actu-peche.fr\/?page_id=77","title":{"rendered":"Catalogue AMIAUD 2021 Fran\u00e7ais"},"content":{"rendered":"\n<div class=\"wp-block-pdf-viewer-block-standard\" style=\"text-align:center\"><div class=\"uploaded-pdf\"><a href=\"https:\/\/actu-peche.fr\/wp-content\/uploads\/2020\/11\/Catalogue_Amiaud_2021.pdf\" data-width=\"\" data-height=\"\"><\/a><\/div><\/div>\n\n\n\n<p class=\"has-text-align-center\"><\/p>\n\n\n\n<p>Amiaud et l\u2019ensemble de ses marques, vous proposent son catalogue avec une nouvelle organisation. Retrouvez nos float-tubes, hame\u00e7ons, leurres, tresses, \u00e9puisettes et autres mat\u00e9riels de p\u00eache en fonction des poissons ou de votre technique de p\u00eache.&nbsp;&nbsp;<\/p>\n\n\n\n<p><\/p>\n","protected":false},"excerpt":{"rendered":"<p>Amiaud et l\u2019ensemble de ses marques, vous proposent son catalogue avec une nouvelle organisation. Retrouvez nos float-tubes, hame\u00e7ons, leurres, tresses, \u00e9puisettes et autres mat\u00e9riels de p\u00eache en fonction des poissons ou de votre technique de p\u00eache.&nbsp;&nbsp;<\/p>\n","protected":false},"author":1,"featured_media":0,"parent":0,"menu_order":0,"comment_status":"open","ping_status":"closed","template":"","meta":[],"_links":{"self":[{"href":"https:\/\/actu-peche.fr\/index.php?rest_route=\/wp\/v2\/pages\/77"}],"collection":[{"href":"https:\/\/actu-peche.fr\/index.php?rest_route=\/wp\/v2\/pages"}],"about":[{"href":"https:\/\/actu-peche.fr\/index.php?rest_route=\/wp\/v2\/types\/page"}],"author":[{"embeddable":true,"href":"https:\/\/actu-peche.fr\/index.php?rest_route=\/wp\/v2\/users\/1"}],"replies":[{"embeddable":true,"href":"https:\/\/actu-peche.fr\/index.php?rest_route=%2Fwp%2Fv2%2Fcomments&post=77"}],"version-history":[{"count":5,"href":"https:\/\/actu-peche.fr\/index.php?rest_route=\/wp\/v2\/pages\/77\/revisions"}],"predecessor-version":[{"id":178,"href":"https:\/\/actu-peche.fr\/index.php?rest_route=\/wp\/v2\/pages\/77\/revisions\/178"}],"wp:attachment":[{"href":"https:\/\/actu-peche.fr\/index.php?rest_route=%2Fwp%2Fv2%2Fmedia&parent=77"}],"curies":[{"name":"wp","href":"https:\/\/api.w.org\/{rel}","templated":true}]}}