{"id":89,"date":"2020-11-07T19:57:36","date_gmt":"2020-11-07T19:57:36","guid":{"rendered":"https:\/\/actu-peche.fr\/?page_id=89"},"modified":"2020-11-13T20:48:13","modified_gmt":"2020-11-13T20:48:13","slug":"peche-au-coup-a-langlaise","status":"publish","type":"page","link":"https:\/\/actu-peche.fr\/?page_id=89","title":{"rendered":"P\u00eache au coup \u00e0 l&rsquo;anglaise"},"content":{"rendered":"\n<div class=\"wp-block-columns\">\n<div class=\"wp-block-column is-vertically-aligned-center\">\n<p class=\"has-text-align-center\"><a href=\"https:\/\/actu-peche.fr\/?page_id=271\">Ma\u00eetrisez la P\u00eache \u00e0 l&rsquo;Anglaise au Flotteur Waggler Coulissant comme St\u00e9phane Pottelet<\/a><\/p>\n<\/div>\n\n\n\n<div class=\"wp-block-column is-vertically-aligned-center\">\n<figure class=\"wp-block-image size-large\"><a href=\"https:\/\/actu-peche.fr\/?page_id=271\"><img loading=\"lazy\" width=\"1024\" height=\"576\" src=\"https:\/\/actu-peche.fr\/wp-content\/uploads\/2020\/11\/Maitrisez-la-Peche-a-lAnglaise-au-Flotteur-Waggler-Coulissant-comme-Stephane-Pottelet-1024x576.jpg\" alt=\"\" class=\"wp-image-269\" srcset=\"https:\/\/actu-peche.fr\/wp-content\/uploads\/2020\/11\/Maitrisez-la-Peche-a-lAnglaise-au-Flotteur-Waggler-Coulissant-comme-Stephane-Pottelet-1024x576.jpg 1024w, https:\/\/actu-peche.fr\/wp-content\/uploads\/2020\/11\/Maitrisez-la-Peche-a-lAnglaise-au-Flotteur-Waggler-Coulissant-comme-Stephane-Pottelet-300x169.jpg 300w, https:\/\/actu-peche.fr\/wp-content\/uploads\/2020\/11\/Maitrisez-la-Peche-a-lAnglaise-au-Flotteur-Waggler-Coulissant-comme-Stephane-Pottelet-768x432.jpg 768w, https:\/\/actu-peche.fr\/wp-content\/uploads\/2020\/11\/Maitrisez-la-Peche-a-lAnglaise-au-Flotteur-Waggler-Coulissant-comme-Stephane-Pottelet-107x60.jpg 107w, https:\/\/actu-peche.fr\/wp-content\/uploads\/2020\/11\/Maitrisez-la-Peche-a-lAnglaise-au-Flotteur-Waggler-Coulissant-comme-Stephane-Pottelet.jpg 1280w\" sizes=\"(max-width: 1024px) 100vw, 1024px\" \/><\/a><\/figure>\n<\/div>\n<\/div>\n","protected":false},"excerpt":{"rendered":"","protected":false},"author":1,"featured_media":0,"parent":0,"menu_order":0,"comment_status":"closed","ping_status":"closed","template":"","meta":[],"_links":{"self":[{"href":"https:\/\/actu-peche.fr\/index.php?rest_route=\/wp\/v2\/pages\/89"}],"collection":[{"href":"https:\/\/actu-peche.fr\/index.php?rest_route=\/wp\/v2\/pages"}],"about":[{"href":"https:\/\/actu-peche.fr\/index.php?rest_route=\/wp\/v2\/types\/page"}],"author":[{"embeddable":true,"href":"https:\/\/actu-peche.fr\/index.php?rest_route=\/wp\/v2\/users\/1"}],"replies":[{"embeddable":true,"href":"https:\/\/actu-peche.fr\/index.php?rest_route=%2Fwp%2Fv2%2Fcomments&post=89"}],"version-history":[{"count":6,"href":"https:\/\/actu-peche.fr\/index.php?rest_route=\/wp\/v2\/pages\/89\/revisions"}],"predecessor-version":[{"id":285,"href":"https:\/\/actu-peche.fr\/index.php?rest_route=\/wp\/v2\/pages\/89\/revisions\/285"}],"wp:attachment":[{"href":"https:\/\/actu-peche.fr\/index.php?rest_route=%2Fwp%2Fv2%2Fmedia&parent=89"}],"curies":[{"name":"wp","href":"https:\/\/api.w.org\/{rel}","templated":true}]}}