{"id":99,"date":"2020-11-07T21:01:06","date_gmt":"2020-11-07T21:01:06","guid":{"rendered":"https:\/\/actu-peche.fr\/?page_id=99"},"modified":"2020-11-13T21:55:31","modified_gmt":"2020-11-13T21:55:31","slug":"catalogue-black-cat-2021","status":"publish","type":"page","link":"https:\/\/actu-peche.fr\/?page_id=99","title":{"rendered":"Catalogue Black Cat 2021 Fran\u00e7ais"},"content":{"rendered":"\n<div class=\"wp-block-pdf-viewer-block-standard\" style=\"text-align:center\"><div class=\"uploaded-pdf\"><a href=\"https:\/\/actu-peche.fr\/wp-content\/uploads\/2020\/11\/BlackCat_Fishing_2021_FR.pdf\" data-width=\"\" data-height=\"\"><\/a><\/div><\/div>\n\n\n\n<p>La p\u00eache du silure \u2013 une aventure extr\u00eame qui n\u00e9cessite un \u00e9quipement exceptionnel. La Black-Cat Collection de Stefan Seu\u00df est compos\u00e9e des produits pour les conditions les plus difficiles. Test\u00e9 et approuv\u00e9 sur les adversaires les plus puissants des lacs et rivi\u00e8res d&rsquo;Europe. Nous vous pr\u00e9sentons ici, les prises de notre team et d&rsquo;autres nouvelles concernant la gamme Black Cat.<\/p>\n\n\n\n<p>Stefan Seu\u00df et la team Black Cat d\u00e9veloppent pour vous le meilleur mat\u00e9riel et les strat\u00e9gies les plus efficaces pour la p\u00eache du silure.<\/p>\n","protected":false},"excerpt":{"rendered":"<p>La p\u00eache du silure \u2013 une aventure extr\u00eame qui n\u00e9cessite un \u00e9quipement exceptionnel. La Black-Cat Collection de Stefan Seu\u00df est compos\u00e9e des produits pour les conditions les plus difficiles. Test\u00e9 et approuv\u00e9 sur les adversaires les plus puissants des lacs et rivi\u00e8res d&rsquo;Europe. Nous vous pr\u00e9sentons ici, les prises de notre team et d&rsquo;autres nouvelles &hellip; <\/p>\n","protected":false},"author":1,"featured_media":0,"parent":0,"menu_order":0,"comment_status":"open","ping_status":"closed","template":"","meta":[],"_links":{"self":[{"href":"https:\/\/actu-peche.fr\/index.php?rest_route=\/wp\/v2\/pages\/99"}],"collection":[{"href":"https:\/\/actu-peche.fr\/index.php?rest_route=\/wp\/v2\/pages"}],"about":[{"href":"https:\/\/actu-peche.fr\/index.php?rest_route=\/wp\/v2\/types\/page"}],"author":[{"embeddable":true,"href":"https:\/\/actu-peche.fr\/index.php?rest_route=\/wp\/v2\/users\/1"}],"replies":[{"embeddable":true,"href":"https:\/\/actu-peche.fr\/index.php?rest_route=%2Fwp%2Fv2%2Fcomments&post=99"}],"version-history":[{"count":4,"href":"https:\/\/actu-peche.fr\/index.php?rest_route=\/wp\/v2\/pages\/99\/revisions"}],"predecessor-version":[{"id":179,"href":"https:\/\/actu-peche.fr\/index.php?rest_route=\/wp\/v2\/pages\/99\/revisions\/179"}],"wp:attachment":[{"href":"https:\/\/actu-peche.fr\/index.php?rest_route=%2Fwp%2Fv2%2Fmedia&parent=99"}],"curies":[{"name":"wp","href":"https:\/\/api.w.org\/{rel}","templated":true}]}}